{"id":8817,"date":"2021-06-17T15:47:10","date_gmt":"2021-06-17T13:47:10","guid":{"rendered":"https:\/\/heliosarredourbano.com\/cookies\/"},"modified":"2021-07-13T12:02:33","modified_gmt":"2021-07-13T10:02:33","slug":"cookies","status":"publish","type":"page","link":"https:\/\/heliosarredourbano.com\/fr\/cookies\/","title":{"rendered":"Cookies"},"content":{"rendered":"<div class=\"wpb-content-wrapper\"><p>[vc_row][vc_column]<div class=\"ult-spacer spacer-69f823d6c436c\" data-id=\"69f823d6c436c\" data-height=\"40\" data-height-mobile=\"20\" data-height-tab=\"\" data-height-tab-portrait=\"\" data-height-mobile-landscape=\"20\" style=\"clear:both;display:block;\"><\/div>[vc_row_inner][vc_column_inner][vc_column_text]HELIOS Arredo Urbano srl utilise les Cookies pour rendre ses services simples et efficaces pour les utilisateurs qui naviguent sur ce site.<\/p>\n<p>Les utilisateurs qui visionnent le site, verront des quantit\u00e9s minimales d\u2019information introduites dans les dispositifs en cours d\u2019utilisation, qu\u2019il s\u2019agisse d\u2019ordinateurs ou de p\u00e9riph\u00e9riques mobiles, dans des petits fichiers de texte appel\u00e9s \u00ab cookies \u00bb, sauvegard\u00e9s dans les chemins utilis\u00e9s par le navigateur web de l\u2019Utilisateur.<\/p>\n<p>Il existe diff\u00e9rents types de cookies, certains pour rendre l\u2019utilisation du site plus efficace, d\u2019autres pour habiliter certaines fonctionnalit\u00e9s.<br \/>\nEn les analysant de mani\u00e8re particuli\u00e8re, nos cookies nous permettent de :<\/p>\n<div>\n<ul>\n<li>m\u00e9moriser les pr\u00e9f\u00e9rences saisies<\/li>\n<li>de vous \u00e9viter de saisir de nouveau les m\u00eames informations plusieurs fois durant la visite, comme par exemple le nom d\u2019utilisateur et le mot de passe<\/li>\n<li>d\u2019analyser l\u2019utilisation des services et des contenus fournis par HELIOS Arredo Urbano srl pour en optimiser la navigabilit\u00e9 et les services offerts<\/li>\n<\/ul>\n<\/div>\n<p>&nbsp;<\/p>\n<p><strong>Types de Cookies utilis\u00e9s par le site<\/strong><\/p>\n<p>Voici les diff\u00e9rents types de cookies utilis\u00e9s par le site en fonction des fins d\u2019utilisation.<\/p>\n<p><strong>Cookies techniques<\/strong><\/p>\n<p>Ce type de cookies permet le fonctionnement correct de certaines sections du site. Il existe deux cat\u00e9gories, persistants ou de session :<\/p>\n<ul>\n<li>persistants : une fois le navigateur ferm\u00e9, ils ne sont pas d\u00e9truits mais restent jusqu\u2019\u00e0 une date d\u2019expiration pr\u00e9d\u00e9finie<\/li>\n<li>de session : ils sont d\u00e9truits \u00e0 chaque fermeture du navigateur<\/li>\n<\/ul>\n<p>Ces cookies, toujours envoy\u00e9s par notre domaine, sont n\u00e9cessaires pour visualiser correctement le site en relation aux services techniques offerts. Ils seront par cons\u00e9quent toujours utilis\u00e9s et envoy\u00e9s, \u00e0 moins que l\u2019utilisateur ne modifie les param\u00e8tres dans son navigateur.<\/p>\n<p>&nbsp;<\/p>\n<p><strong>Cookies d\u2019analyse<\/strong><\/p>\n<p>Les cookies de cette cat\u00e9gorie sont utilis\u00e9s pour recueillir des informations sur l\u2019utilisation du site. HELIOS Arredo Urbano srl utilisera ces informations \u00e0 propos d\u2019analyses statistiques anonymes afin d\u2019am\u00e9liorer l\u2019utilisation du site et pour rendre les contenus plus int\u00e9ressants et inh\u00e9rents aux souhaits des utilisateurs. Ce type de cookies recueille des donn\u00e9es sous forme anonyme sur l\u2019activit\u00e9 des utilisateurs et sur la fa\u00e7on dont ils sont arriv\u00e9s sur le site. Les cookies d\u2019analyse sont envoy\u00e9s par le site ou par des sites de tiers.<\/p>\n<p>&nbsp;<\/p>\n<p><strong>Cookies d\u2019analyse de services de sites tiers<\/strong><\/p>\n<p>Ces cookies sont utilis\u00e9s afin de recueillir des informations sur l\u2019utilisation du site par les utilisateurs sous forme anonyme, telles que : pages visit\u00e9es, dur\u00e9e de permanence, origines du trafic de provenance, provenance g\u00e9ographique, \u00e2ge, genre et int\u00e9r\u00eats \u00e0 des fins de campagnes de marketing. Ces cookies sont envoy\u00e9s par des domaines de tiers externes au site.<\/p>\n<p>HELIOS Arredo Urbano srl, conform\u00e9ment aux normes en vigueur, n\u2019est pas tenue de demander l\u2019autorisation pour les cookies techniques et d\u2019analyse, \u00e9tant donn\u00e9 qu\u2019ils sont n\u00e9cessaires pour fournir les services demand\u00e9s.<\/p>\n<p>Pour tous les autres types de cookies, l\u2019autorisation peut \u00eatre exprim\u00e9e par l\u2019Utilisateur avec une ou plusieurs des modalit\u00e9s suivantes :<\/p>\n<ul>\n<li>par l\u2019interm\u00e9diaire de configurations sp\u00e9cifiques du navigateur ou des programmes informatiques relatifs utilis\u00e9s pour naviguer sur le site<\/li>\n<li>par l\u2019interm\u00e9diaire de la modification des param\u00e8tres d\u2019utilisation des services de sites tiers<\/li>\n<li>les deux solutions pourraient emp\u00eacher l\u2019utilisateur d\u2019utiliser ou de visualiser des parties du site.<\/li>\n<\/ul>\n<p>&nbsp;<\/p>\n<p>Stes Web et services de sites tiers<\/p>\n<p>Le site pourrait contenir des liens vers d\u2019autres sites web qui disposent de conditions propres concernant la confidentialit\u00e9, qui pourraient \u00eatre diff\u00e9rentes de celles adopt\u00e9es par HELIOS Arredo Urbano srl.<\/p>\n<h3><\/h3>\n<p><strong>Cookies utilis\u00e9s par le site<\/strong><\/p>\n<p>Voici la liste des cookies techniques et d\u2019analyse utilis\u00e9s par ce site :<\/p>\n<ul>\n<li>__utma \u2013 persistant \u2013 dur\u00e9e de visite de l\u2019utilisation \u2013 n\u00e9cessaire au service de tiers Google Webmaster et Analytics. Dure 2 ans<\/li>\n<li>__utmb \/ _utmc \u2013 persistant \u2013 taux d\u2019abandon (valeur approximative) de l\u2019utilisateur \u2013 n\u00e9cessaire au service de tiers Google Analytics. Dure 30 minutes<\/li>\n<li>__utmz \u2013 persistant \u2013 provenance de l\u2019utilisateur \u2013 n\u00e9cessaire au service de tiers Google Analytics. Dure 6 mois<\/li>\n<li>__utmt, __utma, __utmb e __utmc\u00a0Les cookies sont utilis\u00e9s par Google Analytics pour recueillir des statistiques anonymes sur le site .<\/li>\n<li>_dc \u2013 de session \u2013 utilis\u00e9 pour limiter les demandes de remarketing (non pr\u00e9sent pour le moment sur HELIOS Arredo Urbano srl) qui sont devenus n\u00e9cessaires au service de tiers de Google Analytics. Dure 10 minutes<\/li>\n<li>_ga \u2013 persistant \u2013 utilis\u00e9 pour distinguer les utilisateurs \u2013 n\u00e9cessaire au service de tiers Google<\/li>\n<li>_atshc<\/li>\n<\/ul>\n<p>Voici la liste des cookies utilis\u00e9s par des services de tiers WORDPRESS:<\/p>\n<ul>\n<li>wordpress_test_cookie<\/li>\n<li>wp-settings-1<\/li>\n<li>wp-settings-time-1<\/li>\n<\/ul>\n<p>Voici la liste des cookies utilis\u00e9s par des services de tiers (YOUTUBE):<\/p>\n<ul>\n<li>CONSENT<\/li>\n<li>GEUP<\/li>\n<li>NID<\/li>\n<li>PREF<\/li>\n<li>YSC<\/li>\n<li>VISITOR_INFO1_LIVE<\/li>\n<li>dkv<\/li>\n<li>_ga<\/li>\n<\/ul>\n<p>Voici la liste des cookies utilis\u00e9s par des services de tiers (GOOGLE):<\/p>\n<ul>\n<li>CONSENT<\/li>\n<li>NID<\/li>\n<li>OGPC<\/li>\n<li>PREF<\/li>\n<\/ul>\n<p>Voici la liste des cookies utilis\u00e9s par des services de tiers (FACEBOOK):<\/p>\n<ul>\n<li>datr<\/li>\n<\/ul>\n<p>&nbsp;<\/p>\n<p><strong>Comment d\u00e9sactiver les cookies par l\u2019interm\u00e9diaire de la configuration du navigateur<\/strong><\/p>\n<p><strong>Chrome<\/strong><br \/>\n1)\u00a0Lancer le Navigateur Chrome<\/p>\n<p>2)\u00a0Cliquer sur le menu Param\u00e8tres de Chrome pr\u00e9sent dans la barre d\u2019outils du navigateur \u00e0 c\u00f4t\u00e9 de la fen\u00eatre de saisie de l\u2019url pour la navigation<br \/>\n3)\u00a0S\u00e9lectionner Param\u00e8tres<br \/>\n4)\u00a0Cliquer sur Afficher Param\u00e8tres Avanc\u00e9s<br \/>\n5)\u00a0Dans la section \u00ab Confidentialit\u00e9 \u00bb cliquer sur le bouton \u00ab Param\u00e8tres de contenu \u00bb<br \/>\n6)\u00a0Dans la section \u00ab Cookies \u00bb il est possible de modifier les param\u00e8tres suivants relatifs aux cookies :<\/p>\n<ul>\n<li>autoriser la sauvegarde des donn\u00e9es locales<\/li>\n<li>Ne conserver les donn\u00e9es locales que jusqu\u2019\u00e0 ce que je quitte ma session de navigation<\/li>\n<li>Interdire \u00e0 tous les sites de stocker des donn\u00e9es<\/li>\n<li>bloquer les cookies et les donn\u00e9es de sites tiers<\/li>\n<li>g\u00e9rer les exceptions<\/li>\n<li>cookies et donn\u00e9es de site<\/li>\n<\/ul>\n<p>Pour plus d\u2019informations, visiter le\u00a0<a title=\"guide en ligne de Chrome\" href=\"https:\/\/support.google.com\/accounts\/answer\/61416?hl=fr\" target=\"_blank\" rel=\"noopener noreferrer\">guide en ligne de Chrome<\/a>.<\/p>\n<p>&nbsp;<\/p>\n<p><strong>Mozilla Firefox<\/strong><\/p>\n<p>1)\u00a0Lancer le Navigateur Mozilla Firefox<br \/>\n2)\u00a0Cliquer sur le menu Param\u00e8tres de Firefox pr\u00e9sent dans la barre d\u2019outils du navigateur \u00e0 c\u00f4t\u00e9 de la fen\u00eatre de saisie de l\u2019url pour la navigation<br \/>\n3)\u00a0S\u00e9lectionner Options<br \/>\n4)\u00a0S\u00e9lectionner le panneau Privacy<br \/>\n5)\u00a0Cliquer sur Afficher Param\u00e8tres Avanc\u00e9s<br \/>\n6)\u00a0Dans la section \u00ab Confidentialit\u00e9 \u00bb cliquer sur le bouton \u00ab Param\u00e8tres de contenu \u00bb<br \/>\n7)\u00a0Dans la section \u00ab Tra\u00e7age \u00bb il est possible de modifier les param\u00e8tres suivants relatifs aux cookies :<\/p>\n<ul>\n<li>demander aux sites de n\u2019effectuer aucun suivi<\/li>\n<li>communiquer aux sites la disponibilit\u00e9 \u00e0 \u00eatre suivi<\/li>\n<li>ne communiquer aucune pr\u00e9f\u00e9rence relative au suivi des donn\u00e9es personnelles<\/li>\n<\/ul>\n<p>8)\u00a0La section \u00ab Chronologie \u00bb permet :<\/p>\n<ul>\n<li>en habilitant \u00ab Utiliser param\u00e8tres personnalis\u00e9s \u00bb, s\u00e9lectionner accepter les cookies de sites tiers (toujours, des sites les plus visit\u00e9s ou jamais) et les conserver pendant une certaine p\u00e9riode (jusqu\u2019\u00e0 leur date d\u2019expiration, \u00e0 la fermeture de Firefox ou de le demander \u00e0 chaque fois)<\/li>\n<li>retirer chacun des cookies stock\u00e9s<\/li>\n<\/ul>\n<p>Pour plus d\u2019informations, visiter le\u00a0<a title=\"guide en ligne de Firefox\" href=\"https:\/\/support.mozilla.org\/fr\/kb\/activer-desactiver-cookies\" target=\"_blank\" rel=\"noopener noreferrer\">guide en ligne de Firefox<\/a>.<\/p>\n<p>&nbsp;<\/p>\n<p><strong>Internet Explorer<\/strong><\/p>\n<p>1)\u00a0Lancer le Navigateur Internet Explorer<br \/>\n2)\u00a0Cliquer sur le bouton Outils et choisir Options Internet<br \/>\n3)\u00a0Cliquer sur l\u2019onglet Confidentialit\u00e9 et dans Param\u00e8tres, modifier le dispositif de d\u00e9filement en fonction de l\u2019action souhait\u00e9e pour les cookies :<\/p>\n<ul>\n<li>bloquer tous les cookies<\/li>\n<li>autoriser tous les cookies<\/li>\n<li>s\u00e9lection des sites desquels obtenir les cookies : d\u00e9placer le curseur dans une position interm\u00e9diaire afin de ne pas bloquer ou autoriser tous les cookies, appuyer ensuite sur Sites, dans la cade Adresse Site Web, saisir un site internet puis appuyer sur Bloquer ou Autoriser<\/li>\n<\/ul>\n<p>Pour plus d\u2019informations, visiter le\u00a0<a title=\"guide en ligne d'IE\" href=\"http:\/\/windows.microsoft.com\/fr-fr\/windows-vista\/block-or-allow-cookies\" target=\"_blank\" rel=\"noopener noreferrer\">guide en ligne d\u2019IE<\/a>.<\/p>\n<p>&nbsp;<\/p>\n<p><strong>Safari 6<\/strong><\/p>\n<p>1)\u00a0Lancer le Navigateur Safari<br \/>\n2)\u00a0Cliquer sur Safari, s\u00e9lectionner Outils et appuyer sur Confidentialit\u00e9<br \/>\n3)\u00a0Dans la section Bloquer Cookies, sp\u00e9cifier comment Safari doit accepter les cookies des sites internet.<br \/>\n4)\u00a0Pour voir quels sites ont stock\u00e9 les cookies, cliquer sur D\u00e9tails<\/p>\n<p>&nbsp;<\/p>\n<p><strong>Safari iOS\u00a0(dispositifs mobiles)<\/strong><\/p>\n<p>1)\u00a0Lancer le Navigateur Safari iOS<br \/>\n2)\u00a0Cliquer sur R\u00e9glages puis sur Safari<br \/>\n3)\u00a0Cliquer sur Bloquer Cookies et choisir parmi les diff\u00e9rentes options : \u00ab Jamais \u00bb, \u00ab De sites tiers et annonceurs \u00bb ou \u00ab Toujours \u00bb<br \/>\n4)\u00a0Pour supprimer tous les cookies stock\u00e9s par Safari, cliquer sur R\u00e9glages, puis sur Safari et enfin sur Supprimer tous les Cookies et les donn\u00e9es<br \/>\nPour plus d\u2019informations, visiter le\u00a0<a title=\"guide en ligne de Safari\" href=\"https:\/\/support.apple.com\/fr-fr\/HT201265\" target=\"_blank\" rel=\"noopener noreferrer\">guide en ligne de Safari<\/a>.<\/p>\n<p>&nbsp;<\/p>\n<p><strong>Opera<\/strong><\/p>\n<p>1)\u00a0Ex\u00e9cuter le Navigateur Opera<br \/>\n2)\u00a0Cliquer sur le menu Outils puis sur Avanc\u00e9s et enfin sur Cookies<br \/>\n3)\u00a0S\u00e9lectionner l\u2019une des options suivantes :<\/p>\n<ul>\n<li>accepter tous les cookies<\/li>\n<li>accepter les cookies uniquement du site en cours de visite : les cookies de sites tiers et qui sont envoy\u00e9s par un domaine diff\u00e9rent de celui en cours de visite seront refus\u00e9s<\/li>\n<li>ne jamais accepter le cookies : aucun cookie ne sera jamais sauvegard\u00e9<\/li>\n<\/ul>\n<p>&nbsp;<\/p>\n<p><strong>Comment d\u00e9sactiver les cookies de Google Analytics<\/strong><\/p>\n<p>Pour d\u00e9sactiver les cookies de Google Analytics, il est n\u00e9cessaire d\u2019installer un composant additionnel fourni par Google qui permet, une fois install\u00e9, de d\u00e9sactiver les cookies sur ce site et sur tous les autres. Pour installer le plugin,\u00a0<a title=\"cliquer ici\" href=\"https:\/\/tools.google.com\/dlpage\/gaoptout\/?hl=fr\" target=\"_blank\" rel=\"noopener noreferrer\">cliquer ici<\/a>.[\/vc_column_text][\/vc_column_inner][\/vc_row_inner][vc_empty_space height=\u00a0\u00bb40px\u00a0\u00bb][\/vc_column][\/vc_row][vc_row full_width=\u00a0\u00bbstretch_row\u00a0\u00bb bg_type=\u00a0\u00bbbg_color\u00a0\u00bb bg_color_value=\u00a0\u00bb#1a649e\u00a0\u00bb el_class=\u00a0\u00bbtre-box-bianchi-footer nascondi-tre-box-bianchi-footer\u00a0\u00bb][vc_column width=\u00a0\u00bb1\/3&Prime; css=\u00a0\u00bb.vc_custom_1620914944642{border-top-width: 1px !important;border-right-width: 1px !important;border-bottom-width: 1px !important;border-left-width: 1px !important;background-color: #ffffff !important;border-left-color: #ffffff !important;border-left-style: solid !important;border-right-color: #ffffff !important;border-right-style: solid !important;border-top-color: #ffffff !important;border-top-style: solid !important;border-bottom-color: #ffffff !important;border-bottom-style: solid !important;border-radius: 10px !important;}\u00a0\u00bb][vc_icon icon_fontawesome=\u00a0\u00bbfas fa-hands-helping\u00a0\u00bb color=\u00a0\u00bbcustom\u00a0\u00bb size=\u00a0\u00bblg\u00a0\u00bb align=\u00a0\u00bbcenter\u00a0\u00bb custom_color=\u00a0\u00bb#1a649e\u00a0\u00bb][vc_custom_heading text=\u00a0\u00bb+39 0423 492107&Prime; font_container=\u00a0\u00bbtag:h3|text_align:center|color:%231a649e\u00a0\u00bb google_fonts=\u00a0\u00bbfont_family:Montserrat%3Aregular%2C700&Prime;][vc_column_text]<\/p>\n<p style=\"text-align: center;\"><span style=\"color: #1a649e;\">Supporto telefonico nella scelta<br \/>\ndei nostri prodotti e<br \/>\nrichieste preventivo<\/span><\/p>\n<p>[\/vc_column_text][vc_empty_space height=\u00a0\u00bb20px\u00a0\u00bb][\/vc_column][vc_column width=\u00a0\u00bb1\/3&Prime; css=\u00a0\u00bb.vc_custom_1620914955021{border-top-width: 1px !important;border-right-width: 1px !important;border-bottom-width: 1px !important;border-left-width: 1px !important;background-color: #ffffff !important;border-left-color: #ffffff !important;border-left-style: solid !important;border-right-color: #ffffff !important;border-right-style: solid !important;border-top-color: #ffffff !important;border-top-style: solid !important;border-bottom-color: #ffffff !important;border-bottom-style: solid !important;border-radius: 10px !important;}\u00a0\u00bb][vc_icon icon_fontawesome=\u00a0\u00bbfas fa-desktop\u00a0\u00bb color=\u00a0\u00bbcustom\u00a0\u00bb size=\u00a0\u00bblg\u00a0\u00bb align=\u00a0\u00bbcenter\u00a0\u00bb custom_color=\u00a0\u00bb#1a649e\u00a0\u00bb][vc_custom_heading text=\u00a0\u00bbMEPA\u00a0\u00bb font_container=\u00a0\u00bbtag:h3|text_align:center|color:%231a649e\u00a0\u00bb google_fonts=\u00a0\u00bbfont_family:Montserrat%3Aregular%2C700&Prime;][vc_column_text]<\/p>\n<p style=\"text-align: center;\"><span style=\"color: #1a649e;\">Siamo iscritti ai principali<br \/>\nMercati Elettronici<br \/>\ndella Pubblica Amministrazione<\/span><\/p>\n<p>[\/vc_column_text][vc_empty_space height=\u00a0\u00bb20px\u00a0\u00bb][\/vc_column][vc_column width=\u00a0\u00bb1\/3&Prime; css=\u00a0\u00bb.vc_custom_1620915081702{border-top-width: 1px !important;border-right-width: 1px !important;border-bottom-width: 1px !important;border-left-width: 1px !important;background-color: #ffffff !important;border-left-color: #ffffff !important;border-left-style: solid !important;border-right-color: #ffffff !important;border-right-style: solid !important;border-top-color: #ffffff !important;border-top-style: solid !important;border-bottom-color: #ffffff !important;border-bottom-style: solid !important;border-radius: 10px !important;}\u00a0\u00bb][vc_icon icon_fontawesome=\u00a0\u00bbfas fa-wrench\u00a0\u00bb color=\u00a0\u00bbcustom\u00a0\u00bb size=\u00a0\u00bblg\u00a0\u00bb align=\u00a0\u00bbcenter\u00a0\u00bb custom_color=\u00a0\u00bb#1a649e\u00a0\u00bb][vc_custom_heading text=\u00a0\u00bbSERVIZI<br \/>\nPOST VENDITA\u00a0\u00bb font_container=\u00a0\u00bbtag:h3|text_align:center|color:%231a649e\u00a0\u00bb google_fonts=\u00a0\u00bbfont_family:Montserrat%3Aregular%2C700&Prime;][vc_column_text]<\/p>\n<p style=\"text-align: center;\"><span style=\"color: #1a649e;\">Offriamo Servizi di<br \/>\ninstallazione<br \/>\ndei prodotti<\/span><\/p>\n<p>[\/vc_column_text][vc_empty_space height=\u00a0\u00bb20px\u00a0\u00bb][\/vc_column][\/vc_row]<\/p>\n<\/div>","protected":false},"excerpt":{"rendered":"<p>[vc_row][vc_column][vc_row_inner][vc_column_inner][vc_column_text]HELIOS Arredo Urbano srl utilise les Cookies pour rendre ses services simples et efficaces pour les utilisateurs qui naviguent sur ce site. Les utilisateurs qui visionnent le site, verront des quantit\u00e9s minimales d\u2019information introduites dans les dispositifs en cours d\u2019utilisation, qu\u2019il s\u2019agisse d\u2019ordinateurs ou de p\u00e9riph\u00e9riques mobiles, dans des petits fichiers de texte appel\u00e9s \u00ab [&hellip;]<\/p>\n","protected":false},"author":1,"featured_media":0,"parent":0,"menu_order":0,"comment_status":"closed","ping_status":"closed","template":"page.php","meta":{"footnotes":""},"class_list":["post-8817","page","type-page","status-publish","hentry"],"yoast_head":"<!-- This site is optimized with the Yoast SEO plugin v27.3 - https:\/\/yoast.com\/product\/yoast-seo-wordpress\/ -->\n<title>Cookies - HELIOS Arredo Urbano Srl<\/title>\n<meta name=\"robots\" content=\"index, follow, max-snippet:-1, max-image-preview:large, max-video-preview:-1\" \/>\n<link rel=\"canonical\" href=\"https:\/\/heliosarredourbano.com\/cookies\/\" \/>\n<meta property=\"og:locale\" content=\"fr_FR\" \/>\n<meta property=\"og:type\" content=\"article\" \/>\n<meta property=\"og:title\" content=\"Cookies - HELIOS Arredo Urbano Srl\" \/>\n<meta property=\"og:description\" content=\"[vc_row][vc_column][vc_row_inner][vc_column_inner][vc_column_text]HELIOS Arredo Urbano srl utilise les Cookies pour rendre ses services simples et efficaces pour les utilisateurs qui naviguent sur ce site. Les utilisateurs qui visionnent le site, verront des quantit\u00e9s minimales d\u2019information introduites dans les dispositifs en cours d\u2019utilisation, qu\u2019il s\u2019agisse d\u2019ordinateurs ou de p\u00e9riph\u00e9riques mobiles, dans des petits fichiers de texte appel\u00e9s \u00ab [&hellip;]\" \/>\n<meta property=\"og:url\" content=\"https:\/\/heliosarredourbano.com\/cookies\/\" \/>\n<meta property=\"og:site_name\" content=\"HELIOS Arredo Urbano Srl\" \/>\n<meta property=\"article:modified_time\" content=\"2021-07-13T10:02:33+00:00\" \/>\n<meta name=\"twitter:card\" content=\"summary_large_image\" \/>\n<meta name=\"twitter:label1\" content=\"Dur\u00e9e de lecture estim\u00e9e\" \/>\n\t<meta name=\"twitter:data1\" content=\"7 minutes\" \/>\n<script type=\"application\/ld+json\" class=\"yoast-schema-graph\">{\"@context\":\"https:\\\/\\\/schema.org\",\"@graph\":[{\"@type\":\"WebPage\",\"@id\":\"https:\\\/\\\/heliosarredourbano.com\\\/cookies\\\/\",\"url\":\"https:\\\/\\\/heliosarredourbano.com\\\/cookies\\\/\",\"name\":\"Cookies - HELIOS Arredo Urbano Srl\",\"isPartOf\":{\"@id\":\"https:\\\/\\\/heliosarredourbano.com\\\/#website\"},\"datePublished\":\"2021-06-17T13:47:10+00:00\",\"dateModified\":\"2021-07-13T10:02:33+00:00\",\"breadcrumb\":{\"@id\":\"https:\\\/\\\/heliosarredourbano.com\\\/cookies\\\/#breadcrumb\"},\"inLanguage\":\"fr-FR\",\"potentialAction\":[{\"@type\":\"ReadAction\",\"target\":[\"https:\\\/\\\/heliosarredourbano.com\\\/cookies\\\/\"]}]},{\"@type\":\"BreadcrumbList\",\"@id\":\"https:\\\/\\\/heliosarredourbano.com\\\/cookies\\\/#breadcrumb\",\"itemListElement\":[{\"@type\":\"ListItem\",\"position\":1,\"name\":\"Home\",\"item\":\"https:\\\/\\\/heliosarredourbano.com\\\/\"},{\"@type\":\"ListItem\",\"position\":2,\"name\":\"Cookies\"}]},{\"@type\":\"WebSite\",\"@id\":\"https:\\\/\\\/heliosarredourbano.com\\\/#website\",\"url\":\"https:\\\/\\\/heliosarredourbano.com\\\/\",\"name\":\"HELIOS Arredo Urbano Srl\",\"description\":\"Arredo urbano: panchine, pensiline, transenne, fioriere\",\"potentialAction\":[{\"@type\":\"SearchAction\",\"target\":{\"@type\":\"EntryPoint\",\"urlTemplate\":\"https:\\\/\\\/heliosarredourbano.com\\\/?s={search_term_string}\"},\"query-input\":{\"@type\":\"PropertyValueSpecification\",\"valueRequired\":true,\"valueName\":\"search_term_string\"}}],\"inLanguage\":\"fr-FR\"}]}<\/script>\n<!-- \/ Yoast SEO plugin. -->","yoast_head_json":{"title":"Cookies - HELIOS Arredo Urbano Srl","robots":{"index":"index","follow":"follow","max-snippet":"max-snippet:-1","max-image-preview":"max-image-preview:large","max-video-preview":"max-video-preview:-1"},"canonical":"https:\/\/heliosarredourbano.com\/cookies\/","og_locale":"fr_FR","og_type":"article","og_title":"Cookies - HELIOS Arredo Urbano Srl","og_description":"[vc_row][vc_column][vc_row_inner][vc_column_inner][vc_column_text]HELIOS Arredo Urbano srl utilise les Cookies pour rendre ses services simples et efficaces pour les utilisateurs qui naviguent sur ce site. Les utilisateurs qui visionnent le site, verront des quantit\u00e9s minimales d\u2019information introduites dans les dispositifs en cours d\u2019utilisation, qu\u2019il s\u2019agisse d\u2019ordinateurs ou de p\u00e9riph\u00e9riques mobiles, dans des petits fichiers de texte appel\u00e9s \u00ab [&hellip;]","og_url":"https:\/\/heliosarredourbano.com\/cookies\/","og_site_name":"HELIOS Arredo Urbano Srl","article_modified_time":"2021-07-13T10:02:33+00:00","twitter_card":"summary_large_image","twitter_misc":{"Dur\u00e9e de lecture estim\u00e9e":"7 minutes"},"schema":{"@context":"https:\/\/schema.org","@graph":[{"@type":"WebPage","@id":"https:\/\/heliosarredourbano.com\/cookies\/","url":"https:\/\/heliosarredourbano.com\/cookies\/","name":"Cookies - HELIOS Arredo Urbano Srl","isPartOf":{"@id":"https:\/\/heliosarredourbano.com\/#website"},"datePublished":"2021-06-17T13:47:10+00:00","dateModified":"2021-07-13T10:02:33+00:00","breadcrumb":{"@id":"https:\/\/heliosarredourbano.com\/cookies\/#breadcrumb"},"inLanguage":"fr-FR","potentialAction":[{"@type":"ReadAction","target":["https:\/\/heliosarredourbano.com\/cookies\/"]}]},{"@type":"BreadcrumbList","@id":"https:\/\/heliosarredourbano.com\/cookies\/#breadcrumb","itemListElement":[{"@type":"ListItem","position":1,"name":"Home","item":"https:\/\/heliosarredourbano.com\/"},{"@type":"ListItem","position":2,"name":"Cookies"}]},{"@type":"WebSite","@id":"https:\/\/heliosarredourbano.com\/#website","url":"https:\/\/heliosarredourbano.com\/","name":"HELIOS Arredo Urbano Srl","description":"Arredo urbano: panchine, pensiline, transenne, fioriere","potentialAction":[{"@type":"SearchAction","target":{"@type":"EntryPoint","urlTemplate":"https:\/\/heliosarredourbano.com\/?s={search_term_string}"},"query-input":{"@type":"PropertyValueSpecification","valueRequired":true,"valueName":"search_term_string"}}],"inLanguage":"fr-FR"}]}},"_links":{"self":[{"href":"https:\/\/heliosarredourbano.com\/fr\/wp-json\/wp\/v2\/pages\/8817","targetHints":{"allow":["GET"]}}],"collection":[{"href":"https:\/\/heliosarredourbano.com\/fr\/wp-json\/wp\/v2\/pages"}],"about":[{"href":"https:\/\/heliosarredourbano.com\/fr\/wp-json\/wp\/v2\/types\/page"}],"author":[{"embeddable":true,"href":"https:\/\/heliosarredourbano.com\/fr\/wp-json\/wp\/v2\/users\/1"}],"replies":[{"embeddable":true,"href":"https:\/\/heliosarredourbano.com\/fr\/wp-json\/wp\/v2\/comments?post=8817"}],"version-history":[{"count":2,"href":"https:\/\/heliosarredourbano.com\/fr\/wp-json\/wp\/v2\/pages\/8817\/revisions"}],"predecessor-version":[{"id":8819,"href":"https:\/\/heliosarredourbano.com\/fr\/wp-json\/wp\/v2\/pages\/8817\/revisions\/8819"}],"wp:attachment":[{"href":"https:\/\/heliosarredourbano.com\/fr\/wp-json\/wp\/v2\/media?parent=8817"}],"curies":[{"name":"wp","href":"https:\/\/api.w.org\/{rel}","templated":true}]}}