{"id":8813,"date":"2021-06-28T14:14:02","date_gmt":"2021-06-28T12:14:02","guid":{"rendered":"https:\/\/heliosarredourbano.com\/condizioni-duso\/"},"modified":"2021-07-13T11:59:40","modified_gmt":"2021-07-13T09:59:40","slug":"conditions-dutilisation","status":"publish","type":"page","link":"https:\/\/heliosarredourbano.com\/fr\/conditions-dutilisation\/","title":{"rendered":"Conditions d\u2019utilisation"},"content":{"rendered":"<div class=\"wpb-content-wrapper\"><p>[vc_row][vc_column]<div class=\"ult-spacer spacer-69f8b8f29d354\" data-id=\"69f8b8f29d354\" data-height=\"40\" data-height-mobile=\"20\" data-height-tab=\"\" data-height-tab-portrait=\"\" data-height-mobile-landscape=\"20\" style=\"clear:both;display:block;\"><\/div>[vc_row_inner][vc_column_inner][vc_column_text]<strong>AVIS IMPORTANT :<\/strong><\/p>\n<p>Pour l\u2019inscription et donc la possibilit\u00e9 d\u2019utiliser les services propos\u00e9s sur le site HELIOS Arredo Urbano srl, l\u2019utilisateur doit accepter les Conditions g\u00e9n\u00e9rales suivantes pour l\u2019utilisation du site et donner son autorisation pour le traitement de ses donn\u00e9es personnelles apr\u00e8s avoir pris connaissance de la note d\u2019information en vertu du D\u00e9cret L\u00e9gislatif italien n\u00b0 196\/2003.<\/p>\n<p><strong>CONDITIONS GENERALES POUR L\u2019UTILISATION DU SITE<\/strong><\/p>\n<p><strong>1. Propri\u00e9t\u00e9, Contenu du Site, Copyright et Marques Enregistr\u00e9es<\/strong><\/p>\n<p>Le site et son contenu, comme les marques, le logo, les ic\u00f4nes, les textes, etc., sont la propri\u00e9t\u00e9 exclusive d\u2019HELIOS Arredo Urbano srl, (d\u00e9nomm\u00e9e ci-apr\u00e8s \u00ab Soci\u00e9t\u00e9 \u00bb) ou des tiers qui fournissent des services \u00e0 la soci\u00e9t\u00e9. Ils sont prot\u00e9g\u00e9s par les lois italiennes et internationales sur les droits d\u2019auteur. Le logiciel utilis\u00e9 sur le site appartient \u00e0 la soci\u00e9t\u00e9 et il est prot\u00e9g\u00e9 par les lois internationales sur les droits d\u2019auteur. Le site HELIOS Arredo Urbano srl et son contenu ne pourront pas \u00eatre reproduits, distribu\u00e9s, vendus, transf\u00e9r\u00e9s ou modifi\u00e9s, m\u00eame partiellement. HELIOS Arredo Urbano srl et les noms des produits, des services, des graphiques et du logo HELIOS Arredo Urbano srl sont des marques enregistr\u00e9es par la Soci\u00e9t\u00e9. D\u2019autres produits, services et noms de soci\u00e9t\u00e9 mentionn\u00e9s pourraient \u00eatre des marques enregistr\u00e9es des propri\u00e9taires correspondants. Le site HELIOS Arredo Urbano srl pourrait contenir des liens \u00e0 des sites non g\u00e9r\u00e9s par la Soci\u00e9t\u00e9, fournis comme une simple r\u00e9f\u00e9rence et par rapport auxquels la Soci\u00e9t\u00e9 ne peut \u00eatre consid\u00e9r\u00e9e comme responsable. La Soci\u00e9t\u00e9 ne fournit aucune garantie et d\u00e9cline toute responsabilit\u00e9 par rapport \u00e0 ces sites. L\u2019utilisateur consulte ces sites \u00e0 ses risques et p\u00e9rils.<\/p>\n<p><strong>2. Utilisation du site HELIOS Arredo Urbano srl<\/strong><\/p>\n<p>Le site HELIOS Arredo Urbano srl ne pourra en aucun cas \u00eatre utilis\u00e9 pour l\u2019envoi de mat\u00e9riel pornographique ou outrager le sens de la pudeur commune, ou, plus en g\u00e9n\u00e9ral, pour des objectifs illicites. La reproduction, la modification, la duplication, la copie, la distribution, la vente ou du moins l\u2019exploitation du site \u00e0 des fins commerciales. On admet la possibilit\u00e9 de t\u00e9l\u00e9charger ou d\u2019imprimer une copie du mat\u00e9riel pr\u00e9sent sur le site pour un usage personnel et des objectifs non sp\u00e9culatifs. L\u2019utilisation non autoris\u00e9e du site et du mat\u00e9riel qu\u2019il contient constitue une violation des lois applicables sur la propri\u00e9t\u00e9 intellectuelle. L\u2019utilisateur s\u2019engage \u00e0 conserver toutes les indications sur les marques et les droits d\u2019auteur appliqu\u00e9s au mat\u00e9riel d\u00e9charg\u00e9 ou copi\u00e9s. L\u2019utilisation de ce mat\u00e9riel sur tout autre site web est interdite.<\/p>\n<p><strong>3. Age et responsabilit\u00e9 de l\u2019utilisateur<\/strong><\/p>\n<p>L\u2019utilisateur doit \u00eatre majeur et poss\u00e9der la capacit\u00e9 d\u2019agir n\u00e9cessaire pour utiliser ce site en acceptant ces Conditions G\u00e9n\u00e9rales et pour assumer toute responsabilit\u00e9 \u00e9ventuelle d\u00e9rivant de l\u2019utilisation du site. L\u2019utilisateur qui s\u2019inscrit a l\u2019obligation d\u2019indiquer exclusivement ses donn\u00e9es personnelles et il garantit leur v\u00e9ridicit\u00e9, leur exactitude et leur mise \u00e0 jour. L\u2019utilisateur prend acte du fait qu\u2019il est responsable de toute utilisation du site de sa part ou de ceux qui utilisent ses donn\u00e9es personnelles.<\/p>\n<p><strong>4. Exclusion de Garantie<\/strong><\/p>\n<p>Le site HELIOS Arredo Urbano srl est fourni par la Soci\u00e9t\u00e9 \u00ab tel quel \u00bb. La Soci\u00e9t\u00e9 et ses fournisseurs n\u2019accordent aucune garantie quant \u00e0 la fonction du site, \u00e0 la pr\u00e9cision, \u00e0 son caract\u00e8re exhaustif, \u00e0 la fiabilit\u00e9 des informations, du mat\u00e9riel et des produits qu\u2019il contient. Dans la mesure ou la loi en vigueur l\u2019autorise, la Soci\u00e9t\u00e9 ne d\u00e9livre aucune garantie implicite ou explicite de commerciabilit\u00e9 et d\u2019aptitude \u00e0 un objectif particulier.<\/p>\n<p><strong>5. Limitation de Responsabilit\u00e9<\/strong><\/p>\n<p>La Soci\u00e9t\u00e9 ne sera en aucun cas responsable des dommages de quelque nature que ce soit d\u00e9rivant de l\u2019utilisation du site, y compris les dommages directs, indirects, accidentels et cons\u00e9quents.<\/p>\n<p><strong>6. Loi applicable<\/strong><\/p>\n<p>Les pr\u00e9sentes Conditions G\u00e9n\u00e9rales sont r\u00e8glement\u00e9es par la Loi italienne.<\/p>\n<p><strong>7. Modifications des Conditions G\u00e9n\u00e9rales<\/strong><\/p>\n<p>La Soci\u00e9t\u00e9 se r\u00e9serve le droit de modifier \u00e0 tout moment le site et les pr\u00e9sentes Conditions G\u00e9n\u00e9rales. Les modifications seront communiqu\u00e9es sur le site HELIOS Arredo Urbano srl, et, sans pr\u00e9judice du droit de retrait de l\u2019utilisateur, celui-ci continuera \u00e0 utiliser le site selon la version modifi\u00e9e des Conditions G\u00e9n\u00e9rales.<\/p>\n<p><strong>8. Conditions suppl\u00e9mentaires<\/strong><\/p>\n<p>Des termes et conditions diff\u00e9rents pourront s\u2019appliquer \u00e0 la vente de biens et de services ou \u00e0 l\u2019utilisation d\u2019autres parties du site : l\u2019utilisateur d\u00e9clare d\u00e8s \u00e0 pr\u00e9sent se conformer \u00e0 ces autres termes et conditions.[\/vc_column_text][\/vc_column_inner][\/vc_row_inner][vc_empty_space height=\u00a0\u00bb40px\u00a0\u00bb][\/vc_column][\/vc_row][vc_row full_width=\u00a0\u00bbstretch_row\u00a0\u00bb bg_type=\u00a0\u00bbbg_color\u00a0\u00bb bg_color_value=\u00a0\u00bb#1a649e\u00a0\u00bb el_class=\u00a0\u00bbtre-box-bianchi-footer nascondi-tre-box-bianchi-footer\u00a0\u00bb][vc_column width=\u00a0\u00bb1\/3&Prime; css=\u00a0\u00bb.vc_custom_1620914944642{border-top-width: 1px !important;border-right-width: 1px !important;border-bottom-width: 1px !important;border-left-width: 1px !important;background-color: #ffffff !important;border-left-color: #ffffff !important;border-left-style: solid !important;border-right-color: #ffffff !important;border-right-style: solid !important;border-top-color: #ffffff !important;border-top-style: solid !important;border-bottom-color: #ffffff !important;border-bottom-style: solid !important;border-radius: 10px !important;}\u00a0\u00bb][vc_icon icon_fontawesome=\u00a0\u00bbfas fa-hands-helping\u00a0\u00bb color=\u00a0\u00bbcustom\u00a0\u00bb size=\u00a0\u00bblg\u00a0\u00bb align=\u00a0\u00bbcenter\u00a0\u00bb custom_color=\u00a0\u00bb#1a649e\u00a0\u00bb][vc_custom_heading text=\u00a0\u00bb+39 0423 492107&Prime; font_container=\u00a0\u00bbtag:h3|text_align:center|color:%231a649e\u00a0\u00bb google_fonts=\u00a0\u00bbfont_family:Montserrat%3Aregular%2C700&Prime;][vc_column_text]<\/p>\n<p style=\"text-align: center;\"><span style=\"color: #1a649e;\">Supporto telefonico nella scelta<br \/>\ndei nostri prodotti e<br \/>\nrichieste preventivo<\/span><\/p>\n<p>[\/vc_column_text][vc_empty_space height=\u00a0\u00bb20px\u00a0\u00bb][\/vc_column][vc_column width=\u00a0\u00bb1\/3&Prime; css=\u00a0\u00bb.vc_custom_1620914955021{border-top-width: 1px !important;border-right-width: 1px !important;border-bottom-width: 1px !important;border-left-width: 1px !important;background-color: #ffffff !important;border-left-color: #ffffff !important;border-left-style: solid !important;border-right-color: #ffffff !important;border-right-style: solid !important;border-top-color: #ffffff !important;border-top-style: solid !important;border-bottom-color: #ffffff !important;border-bottom-style: solid !important;border-radius: 10px !important;}\u00a0\u00bb][vc_icon icon_fontawesome=\u00a0\u00bbfas fa-desktop\u00a0\u00bb color=\u00a0\u00bbcustom\u00a0\u00bb size=\u00a0\u00bblg\u00a0\u00bb align=\u00a0\u00bbcenter\u00a0\u00bb custom_color=\u00a0\u00bb#1a649e\u00a0\u00bb][vc_custom_heading text=\u00a0\u00bbMEPA\u00a0\u00bb font_container=\u00a0\u00bbtag:h3|text_align:center|color:%231a649e\u00a0\u00bb google_fonts=\u00a0\u00bbfont_family:Montserrat%3Aregular%2C700&Prime;][vc_column_text]<\/p>\n<p style=\"text-align: center;\"><span style=\"color: #1a649e;\">Siamo iscritti ai principali<br \/>\nMercati Elettronici<br \/>\ndella Pubblica Amministrazione<\/span><\/p>\n<p>[\/vc_column_text][vc_empty_space height=\u00a0\u00bb20px\u00a0\u00bb][\/vc_column][vc_column width=\u00a0\u00bb1\/3&Prime; css=\u00a0\u00bb.vc_custom_1620915081702{border-top-width: 1px !important;border-right-width: 1px !important;border-bottom-width: 1px !important;border-left-width: 1px !important;background-color: #ffffff !important;border-left-color: #ffffff !important;border-left-style: solid !important;border-right-color: #ffffff !important;border-right-style: solid !important;border-top-color: #ffffff !important;border-top-style: solid !important;border-bottom-color: #ffffff !important;border-bottom-style: solid !important;border-radius: 10px !important;}\u00a0\u00bb][vc_icon icon_fontawesome=\u00a0\u00bbfas fa-wrench\u00a0\u00bb color=\u00a0\u00bbcustom\u00a0\u00bb size=\u00a0\u00bblg\u00a0\u00bb align=\u00a0\u00bbcenter\u00a0\u00bb custom_color=\u00a0\u00bb#1a649e\u00a0\u00bb][vc_custom_heading text=\u00a0\u00bbSERVIZI<br \/>\nPOST VENDITA\u00a0\u00bb font_container=\u00a0\u00bbtag:h3|text_align:center|color:%231a649e\u00a0\u00bb google_fonts=\u00a0\u00bbfont_family:Montserrat%3Aregular%2C700&Prime;][vc_column_text]<\/p>\n<p style=\"text-align: center;\"><span style=\"color: #1a649e;\">Offriamo Servizi di<br \/>\ninstallazione<br \/>\ndei prodotti<\/span><\/p>\n<p>[\/vc_column_text][vc_empty_space height=\u00a0\u00bb20px\u00a0\u00bb][\/vc_column][\/vc_row]<\/p>\n<\/div>","protected":false},"excerpt":{"rendered":"<p>[vc_row][vc_column][vc_row_inner][vc_column_inner][vc_column_text]AVIS IMPORTANT : Pour l\u2019inscription et donc la possibilit\u00e9 d\u2019utiliser les services propos\u00e9s sur le site HELIOS Arredo Urbano srl, l\u2019utilisateur doit accepter les Conditions g\u00e9n\u00e9rales suivantes pour l\u2019utilisation du site et donner son autorisation pour le traitement de ses donn\u00e9es personnelles apr\u00e8s avoir pris connaissance de la note d\u2019information en vertu du D\u00e9cret L\u00e9gislatif [&hellip;]<\/p>\n","protected":false},"author":1,"featured_media":0,"parent":0,"menu_order":0,"comment_status":"closed","ping_status":"closed","template":"page.php","meta":{"footnotes":""},"class_list":["post-8813","page","type-page","status-publish","hentry"],"yoast_head":"<!-- This site is optimized with the Yoast SEO plugin v27.3 - https:\/\/yoast.com\/product\/yoast-seo-wordpress\/ -->\n<title>Conditions d\u2019utilisation - HELIOS Arredo Urbano Srl<\/title>\n<meta name=\"robots\" content=\"index, follow, max-snippet:-1, max-image-preview:large, max-video-preview:-1\" \/>\n<link rel=\"canonical\" href=\"https:\/\/heliosarredourbano.com\/condizioni-duso\/\" \/>\n<meta property=\"og:locale\" content=\"fr_FR\" \/>\n<meta property=\"og:type\" content=\"article\" \/>\n<meta property=\"og:title\" content=\"Conditions d\u2019utilisation - HELIOS Arredo Urbano Srl\" \/>\n<meta property=\"og:description\" content=\"[vc_row][vc_column][vc_row_inner][vc_column_inner][vc_column_text]AVIS IMPORTANT : Pour l\u2019inscription et donc la possibilit\u00e9 d\u2019utiliser les services propos\u00e9s sur le site HELIOS Arredo Urbano srl, l\u2019utilisateur doit accepter les Conditions g\u00e9n\u00e9rales suivantes pour l\u2019utilisation du site et donner son autorisation pour le traitement de ses donn\u00e9es personnelles apr\u00e8s avoir pris connaissance de la note d\u2019information en vertu du D\u00e9cret L\u00e9gislatif [&hellip;]\" \/>\n<meta property=\"og:url\" content=\"https:\/\/heliosarredourbano.com\/condizioni-duso\/\" \/>\n<meta property=\"og:site_name\" content=\"HELIOS Arredo Urbano Srl\" \/>\n<meta property=\"article:modified_time\" content=\"2021-07-13T09:59:40+00:00\" \/>\n<meta name=\"twitter:card\" content=\"summary_large_image\" \/>\n<meta name=\"twitter:label1\" content=\"Dur\u00e9e de lecture estim\u00e9e\" \/>\n\t<meta name=\"twitter:data1\" content=\"4 minutes\" \/>\n<script type=\"application\/ld+json\" class=\"yoast-schema-graph\">{\"@context\":\"https:\\\/\\\/schema.org\",\"@graph\":[{\"@type\":\"WebPage\",\"@id\":\"https:\\\/\\\/heliosarredourbano.com\\\/condizioni-duso\\\/\",\"url\":\"https:\\\/\\\/heliosarredourbano.com\\\/condizioni-duso\\\/\",\"name\":\"Conditions d\u2019utilisation - HELIOS Arredo Urbano Srl\",\"isPartOf\":{\"@id\":\"https:\\\/\\\/heliosarredourbano.com\\\/#website\"},\"datePublished\":\"2021-06-28T12:14:02+00:00\",\"dateModified\":\"2021-07-13T09:59:40+00:00\",\"breadcrumb\":{\"@id\":\"https:\\\/\\\/heliosarredourbano.com\\\/condizioni-duso\\\/#breadcrumb\"},\"inLanguage\":\"fr-FR\",\"potentialAction\":[{\"@type\":\"ReadAction\",\"target\":[\"https:\\\/\\\/heliosarredourbano.com\\\/condizioni-duso\\\/\"]}]},{\"@type\":\"BreadcrumbList\",\"@id\":\"https:\\\/\\\/heliosarredourbano.com\\\/condizioni-duso\\\/#breadcrumb\",\"itemListElement\":[{\"@type\":\"ListItem\",\"position\":1,\"name\":\"Home\",\"item\":\"https:\\\/\\\/heliosarredourbano.com\\\/\"},{\"@type\":\"ListItem\",\"position\":2,\"name\":\"Conditions d\u2019utilisation\"}]},{\"@type\":\"WebSite\",\"@id\":\"https:\\\/\\\/heliosarredourbano.com\\\/#website\",\"url\":\"https:\\\/\\\/heliosarredourbano.com\\\/\",\"name\":\"HELIOS Arredo Urbano Srl\",\"description\":\"Arredo urbano: panchine, pensiline, transenne, fioriere\",\"potentialAction\":[{\"@type\":\"SearchAction\",\"target\":{\"@type\":\"EntryPoint\",\"urlTemplate\":\"https:\\\/\\\/heliosarredourbano.com\\\/?s={search_term_string}\"},\"query-input\":{\"@type\":\"PropertyValueSpecification\",\"valueRequired\":true,\"valueName\":\"search_term_string\"}}],\"inLanguage\":\"fr-FR\"}]}<\/script>\n<!-- \/ Yoast SEO plugin. -->","yoast_head_json":{"title":"Conditions d\u2019utilisation - HELIOS Arredo Urbano Srl","robots":{"index":"index","follow":"follow","max-snippet":"max-snippet:-1","max-image-preview":"max-image-preview:large","max-video-preview":"max-video-preview:-1"},"canonical":"https:\/\/heliosarredourbano.com\/condizioni-duso\/","og_locale":"fr_FR","og_type":"article","og_title":"Conditions d\u2019utilisation - HELIOS Arredo Urbano Srl","og_description":"[vc_row][vc_column][vc_row_inner][vc_column_inner][vc_column_text]AVIS IMPORTANT : Pour l\u2019inscription et donc la possibilit\u00e9 d\u2019utiliser les services propos\u00e9s sur le site HELIOS Arredo Urbano srl, l\u2019utilisateur doit accepter les Conditions g\u00e9n\u00e9rales suivantes pour l\u2019utilisation du site et donner son autorisation pour le traitement de ses donn\u00e9es personnelles apr\u00e8s avoir pris connaissance de la note d\u2019information en vertu du D\u00e9cret L\u00e9gislatif [&hellip;]","og_url":"https:\/\/heliosarredourbano.com\/condizioni-duso\/","og_site_name":"HELIOS Arredo Urbano Srl","article_modified_time":"2021-07-13T09:59:40+00:00","twitter_card":"summary_large_image","twitter_misc":{"Dur\u00e9e de lecture estim\u00e9e":"4 minutes"},"schema":{"@context":"https:\/\/schema.org","@graph":[{"@type":"WebPage","@id":"https:\/\/heliosarredourbano.com\/condizioni-duso\/","url":"https:\/\/heliosarredourbano.com\/condizioni-duso\/","name":"Conditions d\u2019utilisation - HELIOS Arredo Urbano Srl","isPartOf":{"@id":"https:\/\/heliosarredourbano.com\/#website"},"datePublished":"2021-06-28T12:14:02+00:00","dateModified":"2021-07-13T09:59:40+00:00","breadcrumb":{"@id":"https:\/\/heliosarredourbano.com\/condizioni-duso\/#breadcrumb"},"inLanguage":"fr-FR","potentialAction":[{"@type":"ReadAction","target":["https:\/\/heliosarredourbano.com\/condizioni-duso\/"]}]},{"@type":"BreadcrumbList","@id":"https:\/\/heliosarredourbano.com\/condizioni-duso\/#breadcrumb","itemListElement":[{"@type":"ListItem","position":1,"name":"Home","item":"https:\/\/heliosarredourbano.com\/"},{"@type":"ListItem","position":2,"name":"Conditions d\u2019utilisation"}]},{"@type":"WebSite","@id":"https:\/\/heliosarredourbano.com\/#website","url":"https:\/\/heliosarredourbano.com\/","name":"HELIOS Arredo Urbano Srl","description":"Arredo urbano: panchine, pensiline, transenne, fioriere","potentialAction":[{"@type":"SearchAction","target":{"@type":"EntryPoint","urlTemplate":"https:\/\/heliosarredourbano.com\/?s={search_term_string}"},"query-input":{"@type":"PropertyValueSpecification","valueRequired":true,"valueName":"search_term_string"}}],"inLanguage":"fr-FR"}]}},"_links":{"self":[{"href":"https:\/\/heliosarredourbano.com\/fr\/wp-json\/wp\/v2\/pages\/8813","targetHints":{"allow":["GET"]}}],"collection":[{"href":"https:\/\/heliosarredourbano.com\/fr\/wp-json\/wp\/v2\/pages"}],"about":[{"href":"https:\/\/heliosarredourbano.com\/fr\/wp-json\/wp\/v2\/types\/page"}],"author":[{"embeddable":true,"href":"https:\/\/heliosarredourbano.com\/fr\/wp-json\/wp\/v2\/users\/1"}],"replies":[{"embeddable":true,"href":"https:\/\/heliosarredourbano.com\/fr\/wp-json\/wp\/v2\/comments?post=8813"}],"version-history":[{"count":3,"href":"https:\/\/heliosarredourbano.com\/fr\/wp-json\/wp\/v2\/pages\/8813\/revisions"}],"predecessor-version":[{"id":8816,"href":"https:\/\/heliosarredourbano.com\/fr\/wp-json\/wp\/v2\/pages\/8813\/revisions\/8816"}],"wp:attachment":[{"href":"https:\/\/heliosarredourbano.com\/fr\/wp-json\/wp\/v2\/media?parent=8813"}],"curies":[{"name":"wp","href":"https:\/\/api.w.org\/{rel}","templated":true}]}}