{"id":8810,"date":"2021-06-17T15:45:05","date_gmt":"2021-06-17T13:45:05","guid":{"rendered":"https:\/\/heliosarredourbano.com\/privacy\/"},"modified":"2021-07-13T11:57:00","modified_gmt":"2021-07-13T09:57:00","slug":"privacy","status":"publish","type":"page","link":"https:\/\/heliosarredourbano.com\/fr\/privacy\/","title":{"rendered":"Privacy"},"content":{"rendered":"<div class=\"wpb-content-wrapper\"><p>[vc_row][vc_column]<div class=\"ult-spacer spacer-69f82291ed7e1\" data-id=\"69f82291ed7e1\" data-height=\"40\" data-height-mobile=\"20\" data-height-tab=\"\" data-height-tab-portrait=\"\" data-height-mobile-landscape=\"20\" style=\"clear:both;display:block;\"><\/div>[vc_row_inner][vc_column_inner][vc_column_text]HELIOS Arredo Urbano srl s\u2019engage \u00e0 prot\u00e9ger votre vie priv\u00e9e et \u00e0 d\u00e9velopper de nouvelles technologies pour vous offrir de nouvelles exp\u00e9riences en ligne de plus en plus s\u00fbres et int\u00e9ressantes. En vertu de l\u2019art. 13 du D\u00e9cret L\u00e9gislatif italien n\u00b0 196\/2003 \u00ab Protection des personnes et d\u2019autres sujets par rapport au traitement des donn\u00e9es personnelles \u00bb, nous vous communiquons ce qui suit.<\/p>\n<p><strong>Collecte des donn\u00e9es personnelles<\/strong><\/p>\n<p>HELIOS Arredo Urbano srl collecte des informations personnelles, comme votre adresse e-mail, votre nom ou votre adresse. Elle collecte \u00e9galement des informations relatives \u00e0 votre ordinateur et au logiciel utilis\u00e9.<br \/>\nCes derni\u00e8res informations comprennent votre adresse IP, le type de browser utilis\u00e9, le nom du domaine, l\u2019heure de l\u2019acc\u00e8s et le site d\u2019o\u00f9 vous op\u00e9rez. Ces informations sont utilis\u00e9es par HELIOS Arredo Urbano srl pour fournir son service, et pour produire des statistiques sur l\u2019utilisation en g\u00e9n\u00e9ral de son site.<br \/>\nN\u2019oubliez pas que si vous communiquez des informations personnelles, par exemple \u00e0 la page des messages ou du forum, ces informations seront \u00e9galement accessibles \u00e0 d\u2019autres personnes.<br \/>\nRemarque : HELIOS Arredo Urbano srl ne lit aucune de vos communications priv\u00e9es en ligne.<br \/>\nHELIOS Arredo Urbano srl vous encourage \u00e0 prendre connaissance des notes sur la confidentialit\u00e9 \u00e9galement pr\u00e9sentes sur les diff\u00e9rents sites li\u00e9s. HELIOS Arredo Urbano srl n\u2019est en aucun cas responsable de la modalit\u00e9 de protection de la vie priv\u00e9e sur les sites externes au sien.<\/p>\n<p><strong>Utilisation des informations personnelles<\/strong><\/p>\n<p>HELIOS Arredo Urbano srl collecte et utilise vos informations personnelles pour les objectifs pr\u00e9vus par son site, HELIOS Arredo Urbano srl peut \u00e9galement utiliser ces informations pour vous contacter pour des \u00e9tudes de march\u00e9 ou l\u2019offre des services pr\u00e9sent\u00e9s sur le site.<br \/>\nHELIOS Arredo Urbano srl ne vend pas et ne c\u00e8de pas ces informations \u00e0 des tiers. HELIOS Arredo Urbano srl peut occasionnellement vous contacter \u00e0 travers le canal de ses partenaires en ce qui concerne une offre particuli\u00e8re pouvant vous int\u00e9resser ; dans ce cas aussi, vos donn\u00e9es personnelles ne seront pas c\u00e9d\u00e9es \u00e0 des tiers.<br \/>\nHELIOS Arredo Urbano srl peut partager certaines informations avec des partenaires certifi\u00e9s, pour effectuer des analyses statistiques, vous envoyer du courrier ou disposer une livraison. Dans ce cas aussi, il est interdit aux tiers d\u2019utiliser des informations dont ils auraient connaissance pour des usages non pr\u00e9vus externes \u00e0 la fourniture du service demand\u00e9 par HELIOS Arredo Urbano srl et il leur est demand\u00e9 de pr\u00e9server le caract\u00e8re confidentiel de ces informations.<br \/>\nHELIOS Arredo Urbano srl ne divulguera en aucun cas vos informations plus personnelles, comme : la race, la religion ou la pr\u00e9f\u00e9rence politique, sans votre autorisation explicite.<br \/>\nHELIOS Arredo Urbano srl garde une trace des pages que ses clients visitent \u00e0 l\u2019int\u00e9rieur de notre site pour d\u00e9terminer le service le plus fr\u00e9quemment demand\u00e9. Ces statistiques sont utilis\u00e9es pour modifier le contenu du site et pour fournir un service plus sp\u00e9cifique.<br \/>\nLe site d\u2019HELIOS Arredo Urbano srl ne fournit vos informations personnelles que si la Loi l\u2019impose ou bien si elle croit, en toute bonne foi, que cette action est n\u00e9cessaire pour : (a) satisfaire les exigences juridiques ; (b) d\u00e9fendre les droits ou la propri\u00e9t\u00e9 d\u2019HELIOS Arredo Urbano srl ; et (c) dans des situations contingentes pour prot\u00e9ger la s\u00e9curit\u00e9 des utilisateurs d\u2019HELIOS Arredo Urbano srl ou du public en g\u00e9n\u00e9ral.<\/p>\n<p><strong>Elimination du groupe des utilisateurs inscrits<\/strong><\/p>\n<p>L\u2019utilisateur peut demander \u00e0 tout moment son \u00e9limination de la liste des utilisateurs enregistr\u00e9s et de fa\u00e7on compl\u00e8tement autonome. Une fois connect\u00e9 au site d\u2019HELIOS Arredo Urbano srl, vous trouverez la fonction \u00ab Unregister \u00bb parmi vos pr\u00e9f\u00e9rences. Il est impossible d\u2019envoyer un e-mail pour confirmer l\u2019ex\u00e9cution de l\u2019op\u00e9ration car cette fonction provoque l\u2019effacement int\u00e9gral de toutes les donn\u00e9es pr\u00e9sentes.<\/p>\n<p><strong>Utilisation des Cookies<\/strong><\/p>\n<p>Le site d\u2019HELIOS Arredo Urbano srl fait usage des \u00ab cookies \u00bb pour permettre \u00e0 l\u2019utilisateur de personnaliser sa visite sur le site. Un \u00ab cookie \u00bb est un fichier de texte enregistr\u00e9 dans votre ordinateur \u00e0 partir d\u2019une page web.<br \/>\nLes \u00ab cookies \u00bb ne peuvent pas \u00eatre utilis\u00e9s pour inoculer les virus dans votre ordinateur. L\u2019objectif primaire des \u00ab cookies \u00bb est de fournir un service et de faire \u00e9conomiser du temps \u00e0 l\u2019utilisateur.<br \/>\nL\u2019objectif du \u00ab cookie \u00bb est de dire au Web Server que vous \u00eates revenu \u00e0 une page sp\u00e9cifique, ou de r\u00e9cup\u00e9rer les informations de votre adresse pour une exp\u00e9dition. Vous pouvez accepter ou refuser les \u00ab cookies \u00bb.<br \/>\nLes principaux web browser par d\u00e9faut acceptent les \u00ab cookies \u00bb, mais c\u2019est une s\u00e9lection que vous pouvez ais\u00e9ment modifier. Si vous souhaitez d\u00e9sactiver les \u00ab cookies \u00bb vous NE pourrez PAS naviguer correctement dans ce site.<\/p>\n<p><strong>S\u00e9curit\u00e9 de vos donn\u00e9es personnelles<\/strong><\/p>\n<p>HELIOS Arredo Urbano srl prot\u00e8ge vos informations personnelles contre les acc\u00e8s non autoris\u00e9s. HELIOS Arredo Urbano srl assure que vos informations personnelles sont enregistr\u00e9es dans un environnement s\u00fbr, contr\u00f4l\u00e9 et prot\u00e9g\u00e9 contre les acc\u00e8s non autoris\u00e9s.<\/p>\n<p><strong>Modifications de la protection de la vie priv\u00e9e<\/strong><\/p>\n<p>HELIOS Arredo Urbano srl pourra occasionnellement modifier ces notes sur la vie priv\u00e9e suite \u00e0 une demande de modification de la part de la soci\u00e9t\u00e9 ou des utilisateurs.<br \/>\nHELIOS Arredo Urbano srl vous encourage \u00e0 relire p\u00e9riodiquement ces notes pour conna\u00eetre la mani\u00e8re dont HELIOS Arredo Urbano srl prot\u00e8ge vos informations.<\/p>\n<p><strong>Contact<\/strong><\/p>\n<p>HELIOS Arredo Urbano srl accueille volontiers chacun de vos commentaires concernant la Protection de la Vie Priv\u00e9e. Si vous estimez qu\u2019HELIOS Arredo Urbano srl ne respecte pas le contenu de ses d\u00e9clarations, contactez HELIOS Arredo Urbano srl au courriel info@heliostec.com. Nous ferons notre possible pour r\u00e9soudre le probl\u00e8me au plus vite.[\/vc_column_text][\/vc_column_inner][\/vc_row_inner][vc_empty_space height=\u00a0\u00bb40px\u00a0\u00bb][\/vc_column][\/vc_row][vc_row full_width=\u00a0\u00bbstretch_row\u00a0\u00bb bg_type=\u00a0\u00bbbg_color\u00a0\u00bb bg_color_value=\u00a0\u00bb#1a649e\u00a0\u00bb el_class=\u00a0\u00bbtre-box-bianchi-footer nascondi-tre-box-bianchi-footer\u00a0\u00bb][vc_column width=\u00a0\u00bb1\/3&Prime; css=\u00a0\u00bb.vc_custom_1620914944642{border-top-width: 1px !important;border-right-width: 1px !important;border-bottom-width: 1px !important;border-left-width: 1px !important;background-color: #ffffff !important;border-left-color: #ffffff !important;border-left-style: solid !important;border-right-color: #ffffff !important;border-right-style: solid !important;border-top-color: #ffffff !important;border-top-style: solid !important;border-bottom-color: #ffffff !important;border-bottom-style: solid !important;border-radius: 10px !important;}\u00a0\u00bb][vc_icon icon_fontawesome=\u00a0\u00bbfas fa-hands-helping\u00a0\u00bb color=\u00a0\u00bbcustom\u00a0\u00bb size=\u00a0\u00bblg\u00a0\u00bb align=\u00a0\u00bbcenter\u00a0\u00bb custom_color=\u00a0\u00bb#1a649e\u00a0\u00bb][vc_custom_heading text=\u00a0\u00bb+39 0423 492107&Prime; font_container=\u00a0\u00bbtag:h3|text_align:center|color:%231a649e\u00a0\u00bb google_fonts=\u00a0\u00bbfont_family:Montserrat%3Aregular%2C700&Prime;][vc_column_text]<\/p>\n<p style=\"text-align: center;\"><span style=\"color: #1a649e;\">Supporto telefonico nella scelta<br \/>\ndei nostri prodotti e<br \/>\nrichieste preventivo<\/span><\/p>\n<p>[\/vc_column_text][vc_empty_space height=\u00a0\u00bb20px\u00a0\u00bb][\/vc_column][vc_column width=\u00a0\u00bb1\/3&Prime; css=\u00a0\u00bb.vc_custom_1620914955021{border-top-width: 1px !important;border-right-width: 1px !important;border-bottom-width: 1px !important;border-left-width: 1px !important;background-color: #ffffff !important;border-left-color: #ffffff !important;border-left-style: solid !important;border-right-color: #ffffff !important;border-right-style: solid !important;border-top-color: #ffffff !important;border-top-style: solid !important;border-bottom-color: #ffffff !important;border-bottom-style: solid !important;border-radius: 10px !important;}\u00a0\u00bb][vc_icon icon_fontawesome=\u00a0\u00bbfas fa-desktop\u00a0\u00bb color=\u00a0\u00bbcustom\u00a0\u00bb size=\u00a0\u00bblg\u00a0\u00bb align=\u00a0\u00bbcenter\u00a0\u00bb custom_color=\u00a0\u00bb#1a649e\u00a0\u00bb][vc_custom_heading text=\u00a0\u00bbMEPA\u00a0\u00bb font_container=\u00a0\u00bbtag:h3|text_align:center|color:%231a649e\u00a0\u00bb google_fonts=\u00a0\u00bbfont_family:Montserrat%3Aregular%2C700&Prime;][vc_column_text]<\/p>\n<p style=\"text-align: center;\"><span style=\"color: #1a649e;\">Siamo iscritti ai principali<br \/>\nMercati Elettronici<br \/>\ndella Pubblica Amministrazione<\/span><\/p>\n<p>[\/vc_column_text][vc_empty_space height=\u00a0\u00bb20px\u00a0\u00bb][\/vc_column][vc_column width=\u00a0\u00bb1\/3&Prime; css=\u00a0\u00bb.vc_custom_1620915081702{border-top-width: 1px !important;border-right-width: 1px !important;border-bottom-width: 1px !important;border-left-width: 1px !important;background-color: #ffffff !important;border-left-color: #ffffff !important;border-left-style: solid !important;border-right-color: #ffffff !important;border-right-style: solid !important;border-top-color: #ffffff !important;border-top-style: solid !important;border-bottom-color: #ffffff !important;border-bottom-style: solid !important;border-radius: 10px !important;}\u00a0\u00bb][vc_icon icon_fontawesome=\u00a0\u00bbfas fa-wrench\u00a0\u00bb color=\u00a0\u00bbcustom\u00a0\u00bb size=\u00a0\u00bblg\u00a0\u00bb align=\u00a0\u00bbcenter\u00a0\u00bb custom_color=\u00a0\u00bb#1a649e\u00a0\u00bb][vc_custom_heading text=\u00a0\u00bbSERVIZI<br \/>\nPOST VENDITA\u00a0\u00bb font_container=\u00a0\u00bbtag:h3|text_align:center|color:%231a649e\u00a0\u00bb google_fonts=\u00a0\u00bbfont_family:Montserrat%3Aregular%2C700&Prime;][vc_column_text]<\/p>\n<p style=\"text-align: center;\"><span style=\"color: #1a649e;\">Offriamo Servizi di<br \/>\ninstallazione<br \/>\ndei prodotti<\/span><\/p>\n<p>[\/vc_column_text][vc_empty_space height=\u00a0\u00bb20px\u00a0\u00bb][\/vc_column][\/vc_row]<\/p>\n<\/div>","protected":false},"excerpt":{"rendered":"<p>[vc_row][vc_column][vc_row_inner][vc_column_inner][vc_column_text]HELIOS Arredo Urbano srl s\u2019engage \u00e0 prot\u00e9ger votre vie priv\u00e9e et \u00e0 d\u00e9velopper de nouvelles technologies pour vous offrir de nouvelles exp\u00e9riences en ligne de plus en plus s\u00fbres et int\u00e9ressantes. En vertu de l\u2019art. 13 du D\u00e9cret L\u00e9gislatif italien n\u00b0 196\/2003 \u00ab Protection des personnes et d\u2019autres sujets par rapport au traitement des donn\u00e9es [&hellip;]<\/p>\n","protected":false},"author":1,"featured_media":0,"parent":0,"menu_order":0,"comment_status":"closed","ping_status":"closed","template":"page.php","meta":{"footnotes":""},"class_list":["post-8810","page","type-page","status-publish","hentry"],"yoast_head":"<!-- This site is optimized with the Yoast SEO plugin v27.3 - https:\/\/yoast.com\/product\/yoast-seo-wordpress\/ -->\n<title>Privacy - HELIOS Arredo Urbano Srl<\/title>\n<meta name=\"robots\" content=\"index, follow, max-snippet:-1, max-image-preview:large, max-video-preview:-1\" \/>\n<link rel=\"canonical\" href=\"https:\/\/heliosarredourbano.com\/privacy\/\" \/>\n<meta property=\"og:locale\" content=\"fr_FR\" \/>\n<meta property=\"og:type\" content=\"article\" \/>\n<meta property=\"og:title\" content=\"Privacy - HELIOS Arredo Urbano Srl\" \/>\n<meta property=\"og:description\" content=\"[vc_row][vc_column][vc_row_inner][vc_column_inner][vc_column_text]HELIOS Arredo Urbano srl s\u2019engage \u00e0 prot\u00e9ger votre vie priv\u00e9e et \u00e0 d\u00e9velopper de nouvelles technologies pour vous offrir de nouvelles exp\u00e9riences en ligne de plus en plus s\u00fbres et int\u00e9ressantes. En vertu de l\u2019art. 13 du D\u00e9cret L\u00e9gislatif italien n\u00b0 196\/2003 \u00ab Protection des personnes et d\u2019autres sujets par rapport au traitement des donn\u00e9es [&hellip;]\" \/>\n<meta property=\"og:url\" content=\"https:\/\/heliosarredourbano.com\/privacy\/\" \/>\n<meta property=\"og:site_name\" content=\"HELIOS Arredo Urbano Srl\" \/>\n<meta property=\"article:modified_time\" content=\"2021-07-13T09:57:00+00:00\" \/>\n<meta name=\"twitter:card\" content=\"summary_large_image\" \/>\n<meta name=\"twitter:label1\" content=\"Dur\u00e9e de lecture estim\u00e9e\" \/>\n\t<meta name=\"twitter:data1\" content=\"5 minutes\" \/>\n<script type=\"application\/ld+json\" class=\"yoast-schema-graph\">{\"@context\":\"https:\\\/\\\/schema.org\",\"@graph\":[{\"@type\":\"WebPage\",\"@id\":\"https:\\\/\\\/heliosarredourbano.com\\\/privacy\\\/\",\"url\":\"https:\\\/\\\/heliosarredourbano.com\\\/privacy\\\/\",\"name\":\"Privacy - HELIOS Arredo Urbano Srl\",\"isPartOf\":{\"@id\":\"https:\\\/\\\/heliosarredourbano.com\\\/#website\"},\"datePublished\":\"2021-06-17T13:45:05+00:00\",\"dateModified\":\"2021-07-13T09:57:00+00:00\",\"breadcrumb\":{\"@id\":\"https:\\\/\\\/heliosarredourbano.com\\\/privacy\\\/#breadcrumb\"},\"inLanguage\":\"fr-FR\",\"potentialAction\":[{\"@type\":\"ReadAction\",\"target\":[\"https:\\\/\\\/heliosarredourbano.com\\\/privacy\\\/\"]}]},{\"@type\":\"BreadcrumbList\",\"@id\":\"https:\\\/\\\/heliosarredourbano.com\\\/privacy\\\/#breadcrumb\",\"itemListElement\":[{\"@type\":\"ListItem\",\"position\":1,\"name\":\"Home\",\"item\":\"https:\\\/\\\/heliosarredourbano.com\\\/\"},{\"@type\":\"ListItem\",\"position\":2,\"name\":\"Privacy\"}]},{\"@type\":\"WebSite\",\"@id\":\"https:\\\/\\\/heliosarredourbano.com\\\/#website\",\"url\":\"https:\\\/\\\/heliosarredourbano.com\\\/\",\"name\":\"HELIOS Arredo Urbano Srl\",\"description\":\"Arredo urbano: panchine, pensiline, transenne, fioriere\",\"potentialAction\":[{\"@type\":\"SearchAction\",\"target\":{\"@type\":\"EntryPoint\",\"urlTemplate\":\"https:\\\/\\\/heliosarredourbano.com\\\/?s={search_term_string}\"},\"query-input\":{\"@type\":\"PropertyValueSpecification\",\"valueRequired\":true,\"valueName\":\"search_term_string\"}}],\"inLanguage\":\"fr-FR\"}]}<\/script>\n<!-- \/ Yoast SEO plugin. -->","yoast_head_json":{"title":"Privacy - HELIOS Arredo Urbano Srl","robots":{"index":"index","follow":"follow","max-snippet":"max-snippet:-1","max-image-preview":"max-image-preview:large","max-video-preview":"max-video-preview:-1"},"canonical":"https:\/\/heliosarredourbano.com\/privacy\/","og_locale":"fr_FR","og_type":"article","og_title":"Privacy - HELIOS Arredo Urbano Srl","og_description":"[vc_row][vc_column][vc_row_inner][vc_column_inner][vc_column_text]HELIOS Arredo Urbano srl s\u2019engage \u00e0 prot\u00e9ger votre vie priv\u00e9e et \u00e0 d\u00e9velopper de nouvelles technologies pour vous offrir de nouvelles exp\u00e9riences en ligne de plus en plus s\u00fbres et int\u00e9ressantes. En vertu de l\u2019art. 13 du D\u00e9cret L\u00e9gislatif italien n\u00b0 196\/2003 \u00ab Protection des personnes et d\u2019autres sujets par rapport au traitement des donn\u00e9es [&hellip;]","og_url":"https:\/\/heliosarredourbano.com\/privacy\/","og_site_name":"HELIOS Arredo Urbano Srl","article_modified_time":"2021-07-13T09:57:00+00:00","twitter_card":"summary_large_image","twitter_misc":{"Dur\u00e9e de lecture estim\u00e9e":"5 minutes"},"schema":{"@context":"https:\/\/schema.org","@graph":[{"@type":"WebPage","@id":"https:\/\/heliosarredourbano.com\/privacy\/","url":"https:\/\/heliosarredourbano.com\/privacy\/","name":"Privacy - HELIOS Arredo Urbano Srl","isPartOf":{"@id":"https:\/\/heliosarredourbano.com\/#website"},"datePublished":"2021-06-17T13:45:05+00:00","dateModified":"2021-07-13T09:57:00+00:00","breadcrumb":{"@id":"https:\/\/heliosarredourbano.com\/privacy\/#breadcrumb"},"inLanguage":"fr-FR","potentialAction":[{"@type":"ReadAction","target":["https:\/\/heliosarredourbano.com\/privacy\/"]}]},{"@type":"BreadcrumbList","@id":"https:\/\/heliosarredourbano.com\/privacy\/#breadcrumb","itemListElement":[{"@type":"ListItem","position":1,"name":"Home","item":"https:\/\/heliosarredourbano.com\/"},{"@type":"ListItem","position":2,"name":"Privacy"}]},{"@type":"WebSite","@id":"https:\/\/heliosarredourbano.com\/#website","url":"https:\/\/heliosarredourbano.com\/","name":"HELIOS Arredo Urbano Srl","description":"Arredo urbano: panchine, pensiline, transenne, fioriere","potentialAction":[{"@type":"SearchAction","target":{"@type":"EntryPoint","urlTemplate":"https:\/\/heliosarredourbano.com\/?s={search_term_string}"},"query-input":{"@type":"PropertyValueSpecification","valueRequired":true,"valueName":"search_term_string"}}],"inLanguage":"fr-FR"}]}},"_links":{"self":[{"href":"https:\/\/heliosarredourbano.com\/fr\/wp-json\/wp\/v2\/pages\/8810","targetHints":{"allow":["GET"]}}],"collection":[{"href":"https:\/\/heliosarredourbano.com\/fr\/wp-json\/wp\/v2\/pages"}],"about":[{"href":"https:\/\/heliosarredourbano.com\/fr\/wp-json\/wp\/v2\/types\/page"}],"author":[{"embeddable":true,"href":"https:\/\/heliosarredourbano.com\/fr\/wp-json\/wp\/v2\/users\/1"}],"replies":[{"embeddable":true,"href":"https:\/\/heliosarredourbano.com\/fr\/wp-json\/wp\/v2\/comments?post=8810"}],"version-history":[{"count":2,"href":"https:\/\/heliosarredourbano.com\/fr\/wp-json\/wp\/v2\/pages\/8810\/revisions"}],"predecessor-version":[{"id":8812,"href":"https:\/\/heliosarredourbano.com\/fr\/wp-json\/wp\/v2\/pages\/8810\/revisions\/8812"}],"wp:attachment":[{"href":"https:\/\/heliosarredourbano.com\/fr\/wp-json\/wp\/v2\/media?parent=8810"}],"curies":[{"name":"wp","href":"https:\/\/api.w.org\/{rel}","templated":true}]}}