{"id":8746,"date":"2021-05-26T15:57:31","date_gmt":"2021-05-26T13:57:31","guid":{"rendered":"https:\/\/heliosarredourbano.com\/joigny\/"},"modified":"2021-07-15T12:10:36","modified_gmt":"2021-07-15T10:10:36","slug":"joigny","status":"publish","type":"page","link":"https:\/\/heliosarredourbano.com\/fr\/joigny\/","title":{"rendered":"Joigny"},"content":{"rendered":"<div class=\"wpb-content-wrapper\"><p>[vc_row][vc_column][vc_empty_space height=\u00a0\u00bb150px\u00a0\u00bb][\/vc_column][\/vc_row][vc_row][vc_column]<div class=\"ult-spacer spacer-69f7fd3c6740a\" data-id=\"69f7fd3c6740a\" data-height=\"40\" data-height-mobile=\"20\" data-height-tab=\"\" data-height-tab-portrait=\"\" data-height-mobile-landscape=\"20\" style=\"clear:both;display:block;\"><\/div>[vc_custom_heading text=\u00a0\u00bbJoigny\u00a0\u00bb font_container=\u00a0\u00bbtag:h2|text_align:center|color:%23cbce2b\u00a0\u00bb use_theme_fonts=\u00a0\u00bbyes\u00a0\u00bb][vc_empty_space height=\u00a0\u00bb40px\u00a0\u00bb][vc_row_inner][vc_column_inner][rev_slider_vc alias=\u00a0\u00bbjoigny\u00a0\u00bb][\/vc_column_inner][\/vc_row_inner][vc_empty_space height=\u00a0\u00bb40px\u00a0\u00bb][vc_column_text]<\/p>\n<p style=\"text-align: left;\">Fourniture d&rsquo;abris <em><strong>Larus Bus<\/strong><\/em> personnalis\u00e9s<\/p>\n<p style=\"text-align: left;\">Le projet consistait \u00e0 r\u00e9am\u00e9nager une zone d&rsquo;arr\u00eat de bus pour les \u00e9l\u00e8ves du lyc\u00e9e.<\/p>\n<p style=\"text-align: left;\">En collaboration avec notre revendeur local, nous avons con\u00e7u et fourni un abribus <em><strong>Larus<\/strong><\/em> double face sur mesure, d&rsquo;une longueur de 32,5 m et d&rsquo;une inclinaison adapt\u00e9e \u00e0 l&rsquo;espace au sol disponible.<\/p>\n<p style=\"text-align: left;\">Dans une deuxi\u00e8me phase du m\u00eame projet, deux autres abris monolaterals de 30 m de long ont \u00e9t\u00e9 fournis.<\/p>\n<p>[\/vc_column_text][\/vc_column][\/vc_row][vc_row bg_type=\u00a0\u00bbbg_color\u00a0\u00bb el_class=\u00a0\u00bbaggiornato-sulle-novita\u00a0\u00bb][vc_column]<div class=\"ult-spacer spacer-69f7fd3c67472\" data-id=\"69f7fd3c67472\" data-height=\"80\" data-height-mobile=\"40\" data-height-tab=\"\" data-height-tab-portrait=\"\" data-height-mobile-landscape=\"40\" style=\"clear:both;display:block;\"><\/div>[vc_row_inner content_placement=\u00a0\u00bbmiddle\u00a0\u00bb][vc_column_inner width=\u00a0\u00bb4\/5&Prime;][vc_custom_heading text=\u00a0\u00bbVous voulez plus d&rsquo;informations ?\u00a0\u00bb font_container=\u00a0\u00bbtag:h2|text_align:center|color:%23cbce2b\u00a0\u00bb use_theme_fonts=\u00a0\u00bbyes\u00a0\u00bb][\/vc_column_inner][vc_column_inner width=\u00a0\u00bb1\/5&Prime;][vc_btn title=\u00a0\u00bbNOUS CONTACTER\u00a0\u00bb style=\u00a0\u00bboutline-custom\u00a0\u00bb outline_custom_color=\u00a0\u00bb#cbce2b\u00a0\u00bb outline_custom_hover_background=\u00a0\u00bb#cbce2b\u00a0\u00bb outline_custom_hover_text=\u00a0\u00bb#ffffff\u00a0\u00bb align=\u00a0\u00bbcenter\u00a0\u00bb link=\u00a0\u00bburl:%2Ffr%2Fcontacts\u00a0\u00bb][\/vc_column_inner][\/vc_row_inner][vc_empty_space height=\u00a0\u00bb40px\u00a0\u00bb][\/vc_column][\/vc_row][vc_row full_width=\u00a0\u00bbstretch_row\u00a0\u00bb bg_type=\u00a0\u00bbbg_color\u00a0\u00bb bg_color_value=\u00a0\u00bb#1a649e\u00a0\u00bb el_class=\u00a0\u00bbtre-box-bianchi-footer nascondi-tre-box-bianchi-footer\u00a0\u00bb][vc_column width=\u00a0\u00bb1\/3&Prime; css=\u00a0\u00bb.vc_custom_1620914944642{border-top-width: 1px !important;border-right-width: 1px !important;border-bottom-width: 1px !important;border-left-width: 1px !important;background-color: #ffffff !important;border-left-color: #ffffff !important;border-left-style: solid !important;border-right-color: #ffffff !important;border-right-style: solid !important;border-top-color: #ffffff !important;border-top-style: solid !important;border-bottom-color: #ffffff !important;border-bottom-style: solid !important;border-radius: 10px !important;}\u00a0\u00bb][vc_icon icon_fontawesome=\u00a0\u00bbfas fa-hands-helping\u00a0\u00bb color=\u00a0\u00bbcustom\u00a0\u00bb size=\u00a0\u00bblg\u00a0\u00bb align=\u00a0\u00bbcenter\u00a0\u00bb custom_color=\u00a0\u00bb#1a649e\u00a0\u00bb][vc_custom_heading text=\u00a0\u00bb+39 0423 492107&Prime; font_container=\u00a0\u00bbtag:h3|text_align:center|color:%231a649e\u00a0\u00bb google_fonts=\u00a0\u00bbfont_family:Montserrat%3Aregular%2C700&Prime;][vc_column_text]<\/p>\n<p style=\"text-align: center;\"><span style=\"color: #1a649e;\">Supporto telefonico nella scelta<br \/>\ndei nostri prodotti e<br \/>\nrichieste preventivo<\/span><\/p>\n<p>[\/vc_column_text][vc_empty_space height=\u00a0\u00bb20px\u00a0\u00bb][\/vc_column][vc_column width=\u00a0\u00bb1\/3&Prime; css=\u00a0\u00bb.vc_custom_1620914955021{border-top-width: 1px !important;border-right-width: 1px !important;border-bottom-width: 1px !important;border-left-width: 1px !important;background-color: #ffffff !important;border-left-color: #ffffff !important;border-left-style: solid !important;border-right-color: #ffffff !important;border-right-style: solid !important;border-top-color: #ffffff !important;border-top-style: solid !important;border-bottom-color: #ffffff !important;border-bottom-style: solid !important;border-radius: 10px !important;}\u00a0\u00bb][vc_icon icon_fontawesome=\u00a0\u00bbfas fa-desktop\u00a0\u00bb color=\u00a0\u00bbcustom\u00a0\u00bb size=\u00a0\u00bblg\u00a0\u00bb align=\u00a0\u00bbcenter\u00a0\u00bb custom_color=\u00a0\u00bb#1a649e\u00a0\u00bb][vc_custom_heading text=\u00a0\u00bbMEPA\u00a0\u00bb font_container=\u00a0\u00bbtag:h3|text_align:center|color:%231a649e\u00a0\u00bb google_fonts=\u00a0\u00bbfont_family:Montserrat%3Aregular%2C700&Prime;][vc_column_text]<\/p>\n<p style=\"text-align: center;\"><span style=\"color: #1a649e;\">Siamo iscritti ai principali<br \/>\nMercati Elettronici<br \/>\ndella Pubblica Amministrazione<\/span><\/p>\n<p>[\/vc_column_text][vc_empty_space height=\u00a0\u00bb20px\u00a0\u00bb][\/vc_column][vc_column width=\u00a0\u00bb1\/3&Prime; css=\u00a0\u00bb.vc_custom_1620915081702{border-top-width: 1px !important;border-right-width: 1px !important;border-bottom-width: 1px !important;border-left-width: 1px !important;background-color: #ffffff !important;border-left-color: #ffffff !important;border-left-style: solid !important;border-right-color: #ffffff !important;border-right-style: solid !important;border-top-color: #ffffff !important;border-top-style: solid !important;border-bottom-color: #ffffff !important;border-bottom-style: solid !important;border-radius: 10px !important;}\u00a0\u00bb][vc_icon icon_fontawesome=\u00a0\u00bbfas fa-wrench\u00a0\u00bb color=\u00a0\u00bbcustom\u00a0\u00bb size=\u00a0\u00bblg\u00a0\u00bb align=\u00a0\u00bbcenter\u00a0\u00bb custom_color=\u00a0\u00bb#1a649e\u00a0\u00bb][vc_custom_heading text=\u00a0\u00bbSERVIZI<br \/>\nPOST VENDITA\u00a0\u00bb font_container=\u00a0\u00bbtag:h3|text_align:center|color:%231a649e\u00a0\u00bb google_fonts=\u00a0\u00bbfont_family:Montserrat%3Aregular%2C700&Prime;][vc_column_text]<\/p>\n<p style=\"text-align: center;\"><span style=\"color: #1a649e;\">Offriamo Servizi di<br \/>\ninstallazione<br \/>\ndei prodotti<\/span><\/p>\n<p>[\/vc_column_text][vc_empty_space height=\u00a0\u00bb20px\u00a0\u00bb][\/vc_column][\/vc_row][vc_row][vc_column][\/vc_column][\/vc_row]<\/p>\n<\/div>","protected":false},"excerpt":{"rendered":"<p>[vc_row][vc_column][vc_empty_space height=\u00a0\u00bb150px\u00a0\u00bb][\/vc_column][\/vc_row][vc_row][vc_column][vc_custom_heading text=\u00a0\u00bbJoigny\u00a0\u00bb font_container=\u00a0\u00bbtag:h2|text_align:center|color:%23cbce2b\u00a0\u00bb use_theme_fonts=\u00a0\u00bbyes\u00a0\u00bb][vc_empty_space height=\u00a0\u00bb40px\u00a0\u00bb][vc_row_inner][vc_column_inner][rev_slider_vc alias=\u00a0\u00bbjoigny\u00a0\u00bb][\/vc_column_inner][\/vc_row_inner][vc_empty_space height=\u00a0\u00bb40px\u00a0\u00bb][vc_column_text] Fourniture d&rsquo;abris Larus Bus personnalis\u00e9s Le projet consistait \u00e0 r\u00e9am\u00e9nager une zone d&rsquo;arr\u00eat de bus pour les \u00e9l\u00e8ves du lyc\u00e9e. En collaboration avec notre revendeur local, nous avons con\u00e7u et fourni un abribus Larus double face sur mesure, d&rsquo;une longueur de 32,5 m et d&rsquo;une inclinaison adapt\u00e9e [&hellip;]<\/p>\n","protected":false},"author":1,"featured_media":0,"parent":0,"menu_order":0,"comment_status":"closed","ping_status":"closed","template":"page.php","meta":{"footnotes":""},"class_list":["post-8746","page","type-page","status-publish","hentry"],"yoast_head":"<!-- This site is optimized with the Yoast SEO plugin v27.3 - https:\/\/yoast.com\/product\/yoast-seo-wordpress\/ -->\n<title>Joigny - HELIOS Arredo Urbano Srl<\/title>\n<meta name=\"robots\" content=\"index, follow, max-snippet:-1, max-image-preview:large, max-video-preview:-1\" \/>\n<link rel=\"canonical\" href=\"https:\/\/heliosarredourbano.com\/joigny\/\" \/>\n<meta property=\"og:locale\" content=\"fr_FR\" \/>\n<meta property=\"og:type\" content=\"article\" \/>\n<meta property=\"og:title\" content=\"Joigny - HELIOS Arredo Urbano Srl\" \/>\n<meta property=\"og:description\" content=\"[vc_row][vc_column][vc_empty_space height=\u00a0\u00bb150px\u00a0\u00bb][\/vc_column][\/vc_row][vc_row][vc_column][vc_custom_heading text=\u00a0\u00bbJoigny\u00a0\u00bb font_container=\u00a0\u00bbtag:h2|text_align:center|color:%23cbce2b\u00a0\u00bb use_theme_fonts=\u00a0\u00bbyes\u00a0\u00bb][vc_empty_space height=\u00a0\u00bb40px\u00a0\u00bb][vc_row_inner][vc_column_inner][rev_slider_vc alias=\u00a0\u00bbjoigny\u00a0\u00bb][\/vc_column_inner][\/vc_row_inner][vc_empty_space height=\u00a0\u00bb40px\u00a0\u00bb][vc_column_text] Fourniture d&rsquo;abris Larus Bus personnalis\u00e9s Le projet consistait \u00e0 r\u00e9am\u00e9nager une zone d&rsquo;arr\u00eat de bus pour les \u00e9l\u00e8ves du lyc\u00e9e. En collaboration avec notre revendeur local, nous avons con\u00e7u et fourni un abribus Larus double face sur mesure, d&rsquo;une longueur de 32,5 m et d&rsquo;une inclinaison adapt\u00e9e [&hellip;]\" \/>\n<meta property=\"og:url\" content=\"https:\/\/heliosarredourbano.com\/joigny\/\" \/>\n<meta property=\"og:site_name\" content=\"HELIOS Arredo Urbano Srl\" \/>\n<meta property=\"article:modified_time\" content=\"2021-07-15T10:10:36+00:00\" \/>\n<meta name=\"twitter:card\" content=\"summary_large_image\" \/>\n<meta name=\"twitter:label1\" content=\"Dur\u00e9e de lecture estim\u00e9e\" \/>\n\t<meta name=\"twitter:data1\" content=\"2 minutes\" \/>\n<script type=\"application\/ld+json\" class=\"yoast-schema-graph\">{\"@context\":\"https:\\\/\\\/schema.org\",\"@graph\":[{\"@type\":\"WebPage\",\"@id\":\"https:\\\/\\\/heliosarredourbano.com\\\/joigny\\\/\",\"url\":\"https:\\\/\\\/heliosarredourbano.com\\\/joigny\\\/\",\"name\":\"Joigny - HELIOS Arredo Urbano Srl\",\"isPartOf\":{\"@id\":\"https:\\\/\\\/heliosarredourbano.com\\\/#website\"},\"datePublished\":\"2021-05-26T13:57:31+00:00\",\"dateModified\":\"2021-07-15T10:10:36+00:00\",\"breadcrumb\":{\"@id\":\"https:\\\/\\\/heliosarredourbano.com\\\/joigny\\\/#breadcrumb\"},\"inLanguage\":\"fr-FR\",\"potentialAction\":[{\"@type\":\"ReadAction\",\"target\":[\"https:\\\/\\\/heliosarredourbano.com\\\/joigny\\\/\"]}]},{\"@type\":\"BreadcrumbList\",\"@id\":\"https:\\\/\\\/heliosarredourbano.com\\\/joigny\\\/#breadcrumb\",\"itemListElement\":[{\"@type\":\"ListItem\",\"position\":1,\"name\":\"Home\",\"item\":\"https:\\\/\\\/heliosarredourbano.com\\\/\"},{\"@type\":\"ListItem\",\"position\":2,\"name\":\"Joigny\"}]},{\"@type\":\"WebSite\",\"@id\":\"https:\\\/\\\/heliosarredourbano.com\\\/#website\",\"url\":\"https:\\\/\\\/heliosarredourbano.com\\\/\",\"name\":\"HELIOS Arredo Urbano Srl\",\"description\":\"Arredo urbano: panchine, pensiline, transenne, fioriere\",\"potentialAction\":[{\"@type\":\"SearchAction\",\"target\":{\"@type\":\"EntryPoint\",\"urlTemplate\":\"https:\\\/\\\/heliosarredourbano.com\\\/?s={search_term_string}\"},\"query-input\":{\"@type\":\"PropertyValueSpecification\",\"valueRequired\":true,\"valueName\":\"search_term_string\"}}],\"inLanguage\":\"fr-FR\"}]}<\/script>\n<!-- \/ Yoast SEO plugin. -->","yoast_head_json":{"title":"Joigny - HELIOS Arredo Urbano Srl","robots":{"index":"index","follow":"follow","max-snippet":"max-snippet:-1","max-image-preview":"max-image-preview:large","max-video-preview":"max-video-preview:-1"},"canonical":"https:\/\/heliosarredourbano.com\/joigny\/","og_locale":"fr_FR","og_type":"article","og_title":"Joigny - HELIOS Arredo Urbano Srl","og_description":"[vc_row][vc_column][vc_empty_space height=\u00a0\u00bb150px\u00a0\u00bb][\/vc_column][\/vc_row][vc_row][vc_column][vc_custom_heading text=\u00a0\u00bbJoigny\u00a0\u00bb font_container=\u00a0\u00bbtag:h2|text_align:center|color:%23cbce2b\u00a0\u00bb use_theme_fonts=\u00a0\u00bbyes\u00a0\u00bb][vc_empty_space height=\u00a0\u00bb40px\u00a0\u00bb][vc_row_inner][vc_column_inner][rev_slider_vc alias=\u00a0\u00bbjoigny\u00a0\u00bb][\/vc_column_inner][\/vc_row_inner][vc_empty_space height=\u00a0\u00bb40px\u00a0\u00bb][vc_column_text] Fourniture d&rsquo;abris Larus Bus personnalis\u00e9s Le projet consistait \u00e0 r\u00e9am\u00e9nager une zone d&rsquo;arr\u00eat de bus pour les \u00e9l\u00e8ves du lyc\u00e9e. En collaboration avec notre revendeur local, nous avons con\u00e7u et fourni un abribus Larus double face sur mesure, d&rsquo;une longueur de 32,5 m et d&rsquo;une inclinaison adapt\u00e9e [&hellip;]","og_url":"https:\/\/heliosarredourbano.com\/joigny\/","og_site_name":"HELIOS Arredo Urbano Srl","article_modified_time":"2021-07-15T10:10:36+00:00","twitter_card":"summary_large_image","twitter_misc":{"Dur\u00e9e de lecture estim\u00e9e":"2 minutes"},"schema":{"@context":"https:\/\/schema.org","@graph":[{"@type":"WebPage","@id":"https:\/\/heliosarredourbano.com\/joigny\/","url":"https:\/\/heliosarredourbano.com\/joigny\/","name":"Joigny - HELIOS Arredo Urbano Srl","isPartOf":{"@id":"https:\/\/heliosarredourbano.com\/#website"},"datePublished":"2021-05-26T13:57:31+00:00","dateModified":"2021-07-15T10:10:36+00:00","breadcrumb":{"@id":"https:\/\/heliosarredourbano.com\/joigny\/#breadcrumb"},"inLanguage":"fr-FR","potentialAction":[{"@type":"ReadAction","target":["https:\/\/heliosarredourbano.com\/joigny\/"]}]},{"@type":"BreadcrumbList","@id":"https:\/\/heliosarredourbano.com\/joigny\/#breadcrumb","itemListElement":[{"@type":"ListItem","position":1,"name":"Home","item":"https:\/\/heliosarredourbano.com\/"},{"@type":"ListItem","position":2,"name":"Joigny"}]},{"@type":"WebSite","@id":"https:\/\/heliosarredourbano.com\/#website","url":"https:\/\/heliosarredourbano.com\/","name":"HELIOS Arredo Urbano Srl","description":"Arredo urbano: panchine, pensiline, transenne, fioriere","potentialAction":[{"@type":"SearchAction","target":{"@type":"EntryPoint","urlTemplate":"https:\/\/heliosarredourbano.com\/?s={search_term_string}"},"query-input":{"@type":"PropertyValueSpecification","valueRequired":true,"valueName":"search_term_string"}}],"inLanguage":"fr-FR"}]}},"_links":{"self":[{"href":"https:\/\/heliosarredourbano.com\/fr\/wp-json\/wp\/v2\/pages\/8746","targetHints":{"allow":["GET"]}}],"collection":[{"href":"https:\/\/heliosarredourbano.com\/fr\/wp-json\/wp\/v2\/pages"}],"about":[{"href":"https:\/\/heliosarredourbano.com\/fr\/wp-json\/wp\/v2\/types\/page"}],"author":[{"embeddable":true,"href":"https:\/\/heliosarredourbano.com\/fr\/wp-json\/wp\/v2\/users\/1"}],"replies":[{"embeddable":true,"href":"https:\/\/heliosarredourbano.com\/fr\/wp-json\/wp\/v2\/comments?post=8746"}],"version-history":[{"count":3,"href":"https:\/\/heliosarredourbano.com\/fr\/wp-json\/wp\/v2\/pages\/8746\/revisions"}],"predecessor-version":[{"id":8771,"href":"https:\/\/heliosarredourbano.com\/fr\/wp-json\/wp\/v2\/pages\/8746\/revisions\/8771"}],"wp:attachment":[{"href":"https:\/\/heliosarredourbano.com\/fr\/wp-json\/wp\/v2\/media?parent=8746"}],"curies":[{"name":"wp","href":"https:\/\/api.w.org\/{rel}","templated":true}]}}