{"id":8714,"date":"2021-05-17T10:22:16","date_gmt":"2021-05-17T08:22:16","guid":{"rendered":"https:\/\/heliosarredourbano.com\/chi-siamo\/"},"modified":"2021-07-12T15:15:39","modified_gmt":"2021-07-12T13:15:39","slug":"a-propos-de-nous","status":"publish","type":"page","link":"https:\/\/heliosarredourbano.com\/fr\/a-propos-de-nous\/","title":{"rendered":"\u00c0 propos de nous"},"content":{"rendered":"<div class=\"wpb-content-wrapper\"><p>[vc_row][vc_column]<div class=\"ult-spacer spacer-69f8b77653f28\" data-id=\"69f8b77653f28\" data-height=\"40\" data-height-mobile=\"20\" data-height-tab=\"\" data-height-tab-portrait=\"\" data-height-mobile-landscape=\"20\" style=\"clear:both;display:block;\"><\/div>[vc_row_inner][vc_column_inner][vc_column_text]<\/p>\n<p style=\"text-align: center;\"><span style=\"color: #cbce2b; font-weight: 600;\">HELIOS Arredo Urbano Srl<\/span> est une entreprise manufacturi\u00e8re qui s&rsquo;est lanc\u00e9e dans le secteur de la signalisation et<br \/>\ndu mobilier urbain afin d&rsquo;apporter une r\u00e9ponse forte et imm\u00e9diate aux demandes croissantes<br \/>\nde qualit\u00e9 et de service dans ce domaine.<br \/>\nUne entreprise jeune et dynamique qui peut compter sur un savoir-faire de production et<br \/>\ndes connaissances technico-commerciales issues de trente ans d&rsquo;exp\u00e9rience dans le secteur ;<br \/>\nouverte et flexible aux exigences d&rsquo;un march\u00e9 en constante \u00e9volution,<br \/>\nelle fonde le d\u00e9veloppement de ses produits sur des bases solides dans le but<br \/>\nde faire de la qualit\u00e9 et du service son point fort et sa distinction.<\/p>\n<p style=\"text-align: center;\">Chaque projet prend forme en rassemblant les besoins exprim\u00e9s par nos clients,<br \/>\nrecueillis et mis en valeur par un design attentif \u00e0 l&rsquo;int\u00e9gration dans l&rsquo;environnement,<br \/>\n\u00e0 la qualit\u00e9 et au design, conf\u00e9rant un dynamisme que seule une \u00e9quipe jeune et soud\u00e9e peut exprimer.<\/p>\n<p>[\/vc_column_text][\/vc_column_inner][\/vc_row_inner][vc_empty_space height=\u00a0\u00bb40px\u00a0\u00bb][\/vc_column][\/vc_row][vc_row bg_type=\u00a0\u00bbbg_color\u00a0\u00bb el_class=\u00a0\u00bbaggiornato-sulle-novita\u00a0\u00bb][vc_column][vc_custom_heading text=\u00a0\u00bbD\u00e9couvrez nos produits !\u00a0\u00bb font_container=\u00a0\u00bbtag:h2|text_align:center|color:%23cbce2b\u00a0\u00bb use_theme_fonts=\u00a0\u00bbyes\u00a0\u00bb][vc_row_inner content_placement=\u00a0\u00bbmiddle\u00a0\u00bb el_class=\u00a0\u00bbchi-siamo-categorie\u00a0\u00bb][vc_column_inner width=\u00a0\u00bb1\/3&Prime;][vc_hoverbox image=\u00a0\u00bb8715&Prime; primary_title=\u00a0\u00bb\u00a0\u00bb hover_title=\u00a0\u00bbMOBILIERS URBAINS\u00a0\u00bb hover_background_color=\u00a0\u00bbcustom\u00a0\u00bb hover_btn_title=\u00a0\u00bbSHOP\u00a0\u00bb hover_btn_color=\u00a0\u00bbwhite\u00a0\u00bb css_animation=\u00a0\u00bbbounceInLeft\u00a0\u00bb hover_add_button=\u00a0\u00bbtrue\u00a0\u00bb hover_custom_background=\u00a0\u00bb#cbce2b\u00a0\u00bb hover_btn_link=\u00a0\u00bburl:http%3A%2F%2Fecommerce.flysrl.com%2Fcategoria%2Farredo-urbano%2F|target:_blank\u00a0\u00bb][\/vc_hoverbox][\/vc_column_inner][vc_column_inner width=\u00a0\u00bb1\/3&Prime;][vc_hoverbox image=\u00a0\u00bb8717&Prime; primary_title=\u00a0\u00bb\u00a0\u00bb hover_title=\u00a0\u00bbFITNESS \/ JEUX\u00a0\u00bb hover_background_color=\u00a0\u00bbcustom\u00a0\u00bb hover_btn_title=\u00a0\u00bbSHOP\u00a0\u00bb hover_btn_color=\u00a0\u00bbwhite\u00a0\u00bb css_animation=\u00a0\u00bbbounceInDown\u00a0\u00bb hover_add_button=\u00a0\u00bbtrue\u00a0\u00bb hover_custom_background=\u00a0\u00bb#cbce2b\u00a0\u00bb hover_btn_link=\u00a0\u00bburl:http%3A%2F%2Fecommerce.flysrl.com%2Fcategoria%2Fgiochi%2F|target:_blank\u00a0\u00bb][\/vc_hoverbox][\/vc_column_inner][vc_column_inner width=\u00a0\u00bb1\/3&Prime;][vc_hoverbox image=\u00a0\u00bb8718&Prime; primary_title=\u00a0\u00bb\u00a0\u00bb hover_title=\u00a0\u00bbSIGNALISATION\u00a0\u00bb hover_background_color=\u00a0\u00bbcustom\u00a0\u00bb hover_btn_title=\u00a0\u00bbSHOP\u00a0\u00bb hover_btn_color=\u00a0\u00bbwhite\u00a0\u00bb css_animation=\u00a0\u00bbbounceInRight\u00a0\u00bb hover_add_button=\u00a0\u00bbtrue\u00a0\u00bb hover_custom_background=\u00a0\u00bb#cbce2b\u00a0\u00bb hover_btn_link=\u00a0\u00bburl:http%3A%2F%2Fecommerce.flysrl.com%2Fcategoria%2Fsegnaletica%2F|target:_blank\u00a0\u00bb][\/vc_hoverbox][\/vc_column_inner][\/vc_row_inner][\/vc_column][\/vc_row][vc_row bg_type=\u00a0\u00bbbg_color\u00a0\u00bb el_class=\u00a0\u00bbaggiornato-sulle-novita\u00a0\u00bb][vc_column]<div class=\"ult-spacer spacer-69f8b77653f78\" data-id=\"69f8b77653f78\" data-height=\"80\" data-height-mobile=\"40\" data-height-tab=\"\" data-height-tab-portrait=\"\" data-height-mobile-landscape=\"40\" style=\"clear:both;display:block;\"><\/div>[vc_row_inner content_placement=\u00a0\u00bbmiddle\u00a0\u00bb][vc_column_inner width=\u00a0\u00bb4\/5&Prime;][vc_custom_heading text=\u00a0\u00bbVous voulez plus d&rsquo;informations ?\u00a0\u00bb font_container=\u00a0\u00bbtag:h2|text_align:center|color:%23cbce2b\u00a0\u00bb use_theme_fonts=\u00a0\u00bbyes\u00a0\u00bb][\/vc_column_inner][vc_column_inner width=\u00a0\u00bb1\/5&Prime;][vc_btn title=\u00a0\u00bbNOUS CONTACTER\u00a0\u00bb style=\u00a0\u00bboutline-custom\u00a0\u00bb outline_custom_color=\u00a0\u00bb#cbce2b\u00a0\u00bb outline_custom_hover_background=\u00a0\u00bb#cbce2b\u00a0\u00bb outline_custom_hover_text=\u00a0\u00bb#ffffff\u00a0\u00bb align=\u00a0\u00bbcenter\u00a0\u00bb link=\u00a0\u00bburl:%2Fcontatti\u00a0\u00bb][\/vc_column_inner][\/vc_row_inner][vc_empty_space height=\u00a0\u00bb40px\u00a0\u00bb][\/vc_column][\/vc_row][vc_row full_width=\u00a0\u00bbstretch_row\u00a0\u00bb bg_type=\u00a0\u00bbbg_color\u00a0\u00bb bg_color_value=\u00a0\u00bb#1a649e\u00a0\u00bb el_class=\u00a0\u00bbtre-box-bianchi-footer nascondi-tre-box-bianchi-footer\u00a0\u00bb][vc_column width=\u00a0\u00bb1\/3&Prime; css=\u00a0\u00bb.vc_custom_1620914944642{border-top-width: 1px !important;border-right-width: 1px !important;border-bottom-width: 1px !important;border-left-width: 1px !important;background-color: #ffffff !important;border-left-color: #ffffff !important;border-left-style: solid !important;border-right-color: #ffffff !important;border-right-style: solid !important;border-top-color: #ffffff !important;border-top-style: solid !important;border-bottom-color: #ffffff !important;border-bottom-style: solid !important;border-radius: 10px !important;}\u00a0\u00bb][vc_icon icon_fontawesome=\u00a0\u00bbfas fa-hands-helping\u00a0\u00bb color=\u00a0\u00bbcustom\u00a0\u00bb size=\u00a0\u00bblg\u00a0\u00bb align=\u00a0\u00bbcenter\u00a0\u00bb custom_color=\u00a0\u00bb#1a649e\u00a0\u00bb][vc_custom_heading text=\u00a0\u00bb+39 0423 492107&Prime; font_container=\u00a0\u00bbtag:h3|text_align:center|color:%231a649e\u00a0\u00bb google_fonts=\u00a0\u00bbfont_family:Montserrat%3Aregular%2C700&Prime;][vc_column_text]<\/p>\n<p style=\"text-align: center;\"><span style=\"color: #1a649e;\">Supporto telefonico nella scelta<br \/>\ndei nostri prodotti e<br \/>\nrichieste preventivo<\/span><\/p>\n<p>[\/vc_column_text][vc_empty_space height=\u00a0\u00bb20px\u00a0\u00bb][\/vc_column][vc_column width=\u00a0\u00bb1\/3&Prime; css=\u00a0\u00bb.vc_custom_1620914955021{border-top-width: 1px !important;border-right-width: 1px !important;border-bottom-width: 1px !important;border-left-width: 1px !important;background-color: #ffffff !important;border-left-color: #ffffff !important;border-left-style: solid !important;border-right-color: #ffffff !important;border-right-style: solid !important;border-top-color: #ffffff !important;border-top-style: solid !important;border-bottom-color: #ffffff !important;border-bottom-style: solid !important;border-radius: 10px !important;}\u00a0\u00bb][vc_icon icon_fontawesome=\u00a0\u00bbfas fa-desktop\u00a0\u00bb color=\u00a0\u00bbcustom\u00a0\u00bb size=\u00a0\u00bblg\u00a0\u00bb align=\u00a0\u00bbcenter\u00a0\u00bb custom_color=\u00a0\u00bb#1a649e\u00a0\u00bb][vc_custom_heading text=\u00a0\u00bbMEPA\u00a0\u00bb font_container=\u00a0\u00bbtag:h3|text_align:center|color:%231a649e\u00a0\u00bb google_fonts=\u00a0\u00bbfont_family:Montserrat%3Aregular%2C700&Prime;][vc_column_text]<\/p>\n<p style=\"text-align: center;\"><span style=\"color: #1a649e;\">Siamo iscritti ai principali<br \/>\nMercati Elettronici<br \/>\ndella Pubblica Amministrazione<\/span><\/p>\n<p>[\/vc_column_text][vc_empty_space height=\u00a0\u00bb20px\u00a0\u00bb][\/vc_column][vc_column width=\u00a0\u00bb1\/3&Prime; css=\u00a0\u00bb.vc_custom_1620915081702{border-top-width: 1px !important;border-right-width: 1px !important;border-bottom-width: 1px !important;border-left-width: 1px !important;background-color: #ffffff !important;border-left-color: #ffffff !important;border-left-style: solid !important;border-right-color: #ffffff !important;border-right-style: solid !important;border-top-color: #ffffff !important;border-top-style: solid !important;border-bottom-color: #ffffff !important;border-bottom-style: solid !important;border-radius: 10px !important;}\u00a0\u00bb][vc_icon icon_fontawesome=\u00a0\u00bbfas fa-wrench\u00a0\u00bb color=\u00a0\u00bbcustom\u00a0\u00bb size=\u00a0\u00bblg\u00a0\u00bb align=\u00a0\u00bbcenter\u00a0\u00bb custom_color=\u00a0\u00bb#1a649e\u00a0\u00bb][vc_custom_heading text=\u00a0\u00bbSERVIZI<br \/>\nPOST VENDITA\u00a0\u00bb font_container=\u00a0\u00bbtag:h3|text_align:center|color:%231a649e\u00a0\u00bb google_fonts=\u00a0\u00bbfont_family:Montserrat%3Aregular%2C700&Prime;][vc_column_text]<\/p>\n<p style=\"text-align: center;\"><span style=\"color: #1a649e;\">Offriamo Servizi di<br \/>\ninstallazione<br \/>\ndei prodotti<\/span><\/p>\n<p>[\/vc_column_text][vc_empty_space height=\u00a0\u00bb20px\u00a0\u00bb][\/vc_column][\/vc_row]<\/p>\n<\/div>","protected":false},"excerpt":{"rendered":"<p>[vc_row][vc_column][vc_row_inner][vc_column_inner][vc_column_text] HELIOS Arredo Urbano Srl est une entreprise manufacturi\u00e8re qui s&rsquo;est lanc\u00e9e dans le secteur de la signalisation et du mobilier urbain afin d&rsquo;apporter une r\u00e9ponse forte et imm\u00e9diate aux demandes croissantes de qualit\u00e9 et de service dans ce domaine. Une entreprise jeune et dynamique qui peut compter sur un savoir-faire de production et des [&hellip;]<\/p>\n","protected":false},"author":1,"featured_media":0,"parent":0,"menu_order":0,"comment_status":"closed","ping_status":"closed","template":"page.php","meta":{"footnotes":""},"class_list":["post-8714","page","type-page","status-publish","hentry"],"yoast_head":"<!-- This site is optimized with the Yoast SEO plugin v27.3 - https:\/\/yoast.com\/product\/yoast-seo-wordpress\/ -->\n<title>\u00c0 propos de nous - HELIOS Arredo Urbano Srl<\/title>\n<meta name=\"robots\" content=\"index, follow, max-snippet:-1, max-image-preview:large, max-video-preview:-1\" \/>\n<link rel=\"canonical\" href=\"https:\/\/heliosarredourbano.com\/chi-siamo\/\" \/>\n<meta property=\"og:locale\" content=\"fr_FR\" \/>\n<meta property=\"og:type\" content=\"article\" \/>\n<meta property=\"og:title\" content=\"\u00c0 propos de nous - HELIOS Arredo Urbano Srl\" \/>\n<meta property=\"og:description\" content=\"[vc_row][vc_column][vc_row_inner][vc_column_inner][vc_column_text] HELIOS Arredo Urbano Srl est une entreprise manufacturi\u00e8re qui s&rsquo;est lanc\u00e9e dans le secteur de la signalisation et du mobilier urbain afin d&rsquo;apporter une r\u00e9ponse forte et imm\u00e9diate aux demandes croissantes de qualit\u00e9 et de service dans ce domaine. Une entreprise jeune et dynamique qui peut compter sur un savoir-faire de production et des [&hellip;]\" \/>\n<meta property=\"og:url\" content=\"https:\/\/heliosarredourbano.com\/chi-siamo\/\" \/>\n<meta property=\"og:site_name\" content=\"HELIOS Arredo Urbano Srl\" \/>\n<meta property=\"article:modified_time\" content=\"2021-07-12T13:15:39+00:00\" \/>\n<meta name=\"twitter:card\" content=\"summary_large_image\" \/>\n<meta name=\"twitter:label1\" content=\"Dur\u00e9e de lecture estim\u00e9e\" \/>\n\t<meta name=\"twitter:data1\" content=\"2 minutes\" \/>\n<script type=\"application\/ld+json\" class=\"yoast-schema-graph\">{\"@context\":\"https:\\\/\\\/schema.org\",\"@graph\":[{\"@type\":\"WebPage\",\"@id\":\"https:\\\/\\\/heliosarredourbano.com\\\/chi-siamo\\\/\",\"url\":\"https:\\\/\\\/heliosarredourbano.com\\\/chi-siamo\\\/\",\"name\":\"\u00c0 propos de nous - HELIOS Arredo Urbano Srl\",\"isPartOf\":{\"@id\":\"https:\\\/\\\/heliosarredourbano.com\\\/#website\"},\"datePublished\":\"2021-05-17T08:22:16+00:00\",\"dateModified\":\"2021-07-12T13:15:39+00:00\",\"breadcrumb\":{\"@id\":\"https:\\\/\\\/heliosarredourbano.com\\\/chi-siamo\\\/#breadcrumb\"},\"inLanguage\":\"fr-FR\",\"potentialAction\":[{\"@type\":\"ReadAction\",\"target\":[\"https:\\\/\\\/heliosarredourbano.com\\\/chi-siamo\\\/\"]}]},{\"@type\":\"BreadcrumbList\",\"@id\":\"https:\\\/\\\/heliosarredourbano.com\\\/chi-siamo\\\/#breadcrumb\",\"itemListElement\":[{\"@type\":\"ListItem\",\"position\":1,\"name\":\"Home\",\"item\":\"https:\\\/\\\/heliosarredourbano.com\\\/\"},{\"@type\":\"ListItem\",\"position\":2,\"name\":\"\u00c0 propos de nous\"}]},{\"@type\":\"WebSite\",\"@id\":\"https:\\\/\\\/heliosarredourbano.com\\\/#website\",\"url\":\"https:\\\/\\\/heliosarredourbano.com\\\/\",\"name\":\"HELIOS Arredo Urbano Srl\",\"description\":\"Arredo urbano: panchine, pensiline, transenne, fioriere\",\"potentialAction\":[{\"@type\":\"SearchAction\",\"target\":{\"@type\":\"EntryPoint\",\"urlTemplate\":\"https:\\\/\\\/heliosarredourbano.com\\\/?s={search_term_string}\"},\"query-input\":{\"@type\":\"PropertyValueSpecification\",\"valueRequired\":true,\"valueName\":\"search_term_string\"}}],\"inLanguage\":\"fr-FR\"}]}<\/script>\n<!-- \/ Yoast SEO plugin. -->","yoast_head_json":{"title":"\u00c0 propos de nous - HELIOS Arredo Urbano Srl","robots":{"index":"index","follow":"follow","max-snippet":"max-snippet:-1","max-image-preview":"max-image-preview:large","max-video-preview":"max-video-preview:-1"},"canonical":"https:\/\/heliosarredourbano.com\/chi-siamo\/","og_locale":"fr_FR","og_type":"article","og_title":"\u00c0 propos de nous - HELIOS Arredo Urbano Srl","og_description":"[vc_row][vc_column][vc_row_inner][vc_column_inner][vc_column_text] HELIOS Arredo Urbano Srl est une entreprise manufacturi\u00e8re qui s&rsquo;est lanc\u00e9e dans le secteur de la signalisation et du mobilier urbain afin d&rsquo;apporter une r\u00e9ponse forte et imm\u00e9diate aux demandes croissantes de qualit\u00e9 et de service dans ce domaine. Une entreprise jeune et dynamique qui peut compter sur un savoir-faire de production et des [&hellip;]","og_url":"https:\/\/heliosarredourbano.com\/chi-siamo\/","og_site_name":"HELIOS Arredo Urbano Srl","article_modified_time":"2021-07-12T13:15:39+00:00","twitter_card":"summary_large_image","twitter_misc":{"Dur\u00e9e de lecture estim\u00e9e":"2 minutes"},"schema":{"@context":"https:\/\/schema.org","@graph":[{"@type":"WebPage","@id":"https:\/\/heliosarredourbano.com\/chi-siamo\/","url":"https:\/\/heliosarredourbano.com\/chi-siamo\/","name":"\u00c0 propos de nous - HELIOS Arredo Urbano Srl","isPartOf":{"@id":"https:\/\/heliosarredourbano.com\/#website"},"datePublished":"2021-05-17T08:22:16+00:00","dateModified":"2021-07-12T13:15:39+00:00","breadcrumb":{"@id":"https:\/\/heliosarredourbano.com\/chi-siamo\/#breadcrumb"},"inLanguage":"fr-FR","potentialAction":[{"@type":"ReadAction","target":["https:\/\/heliosarredourbano.com\/chi-siamo\/"]}]},{"@type":"BreadcrumbList","@id":"https:\/\/heliosarredourbano.com\/chi-siamo\/#breadcrumb","itemListElement":[{"@type":"ListItem","position":1,"name":"Home","item":"https:\/\/heliosarredourbano.com\/"},{"@type":"ListItem","position":2,"name":"\u00c0 propos de nous"}]},{"@type":"WebSite","@id":"https:\/\/heliosarredourbano.com\/#website","url":"https:\/\/heliosarredourbano.com\/","name":"HELIOS Arredo Urbano Srl","description":"Arredo urbano: panchine, pensiline, transenne, fioriere","potentialAction":[{"@type":"SearchAction","target":{"@type":"EntryPoint","urlTemplate":"https:\/\/heliosarredourbano.com\/?s={search_term_string}"},"query-input":{"@type":"PropertyValueSpecification","valueRequired":true,"valueName":"search_term_string"}}],"inLanguage":"fr-FR"}]}},"_links":{"self":[{"href":"https:\/\/heliosarredourbano.com\/fr\/wp-json\/wp\/v2\/pages\/8714","targetHints":{"allow":["GET"]}}],"collection":[{"href":"https:\/\/heliosarredourbano.com\/fr\/wp-json\/wp\/v2\/pages"}],"about":[{"href":"https:\/\/heliosarredourbano.com\/fr\/wp-json\/wp\/v2\/types\/page"}],"author":[{"embeddable":true,"href":"https:\/\/heliosarredourbano.com\/fr\/wp-json\/wp\/v2\/users\/1"}],"replies":[{"embeddable":true,"href":"https:\/\/heliosarredourbano.com\/fr\/wp-json\/wp\/v2\/comments?post=8714"}],"version-history":[{"count":5,"href":"https:\/\/heliosarredourbano.com\/fr\/wp-json\/wp\/v2\/pages\/8714\/revisions"}],"predecessor-version":[{"id":8724,"href":"https:\/\/heliosarredourbano.com\/fr\/wp-json\/wp\/v2\/pages\/8714\/revisions\/8724"}],"wp:attachment":[{"href":"https:\/\/heliosarredourbano.com\/fr\/wp-json\/wp\/v2\/media?parent=8714"}],"curies":[{"name":"wp","href":"https:\/\/api.w.org\/{rel}","templated":true}]}}