{"id":11023,"date":"2023-06-06T14:26:25","date_gmt":"2023-06-06T12:26:25","guid":{"rendered":"https:\/\/heliosarredourbano.com\/?page_id=11023"},"modified":"2023-06-06T14:26:26","modified_gmt":"2023-06-06T12:26:26","slug":"fitness-calisthenics-super-workout","status":"publish","type":"page","link":"https:\/\/heliosarredourbano.com\/fr\/fitness-calisthenics-super-workout\/","title":{"rendered":"Fitness Calisthenics Super Workout"},"content":{"rendered":"<div class=\"wpb-content-wrapper\"><p>[vc_row][vc_column][vc_empty_space height=\u00a0\u00bb150px\u00a0\u00bb][\/vc_column][\/vc_row][vc_row][vc_column]<div class=\"ult-spacer spacer-69f78b995f438\" data-id=\"69f78b995f438\" data-height=\"40\" data-height-mobile=\"20\" data-height-tab=\"\" data-height-tab-portrait=\"\" data-height-mobile-landscape=\"20\" style=\"clear:both;display:block;\"><\/div>[vc_custom_heading text=\u00a0\u00bbFitness Calisthenics &#8211; Strutture per l\u2019esercizio fisico all\u2019aperto\u00a0\u00bb font_container=\u00a0\u00bbtag:h1|text_align:center|color:%23cbce2b\u00a0\u00bb use_theme_fonts=\u00a0\u00bbyes\u00a0\u00bb][vc_empty_space height=\u00a0\u00bb40px\u00a0\u00bb][vc_row_inner][vc_column_inner][rev_slider_vc alias=\u00a0\u00bbFitness-2023&Prime;][\/vc_column_inner][\/vc_row_inner][vc_empty_space height=\u00a0\u00bb40px\u00a0\u00bb][vc_column_text]Installations d&rsquo;exercice en plein air<\/p>\n<p>Nous vous pr\u00e9sentons diff\u00e9rents types d&rsquo;installations d&rsquo;exercice en plein air :<\/p>\n<ul>\n<li>Circuit super workout compos\u00e9 de\u00a0:<\/li>\n<\/ul>\n<p>1 CALISTHENICS compos\u00e9 de 1 paire d&rsquo;anneaux, 1 espaliers verticaux, 2 poign\u00e9es pour Pull-ups, 2 barres horizontales, 1 \u00e9chelle horizontale \u00ab\u00a0Monkey bar\u00a0\u00bb, 1 centre pour lancer des m\u00e9decine balls et 1 barre verticale<\/p>\n<p>1 banc abdominaux avec barres dips<\/p>\n<p>1 PAIRE DE PARALLELES<\/p>\n<p>3 PARALLELEPIPES de 3 hauteurs diff\u00e9rentes pour pouvoir effectuer des exercices de pliom\u00e9trie<\/p>\n<ul>\n<li>Composition <strong><em>Lyre<\/em><\/strong><\/li>\n<li>Composition <strong><em>Mizar<\/em><\/strong><\/li>\n<li>Composition <strong><em>Regolo<\/em><\/strong><\/li>\n<\/ul>\n<p>Contactez-nous pour plus d&rsquo;informations. Nous pouvons cr\u00e9er la structure qui convient \u00e0 vos besoins.[\/vc_column_text][\/vc_column][\/vc_row][vc_row bg_type=\u00a0\u00bbbg_color\u00a0\u00bb el_class=\u00a0\u00bbaggiornato-sulle-novita\u00a0\u00bb][vc_column]<div class=\"ult-spacer spacer-69f78b995f493\" data-id=\"69f78b995f493\" data-height=\"80\" data-height-mobile=\"40\" data-height-tab=\"\" data-height-tab-portrait=\"\" data-height-mobile-landscape=\"40\" style=\"clear:both;display:block;\"><\/div>[vc_row_inner content_placement=\u00a0\u00bbmiddle\u00a0\u00bb][vc_column_inner width=\u00a0\u00bb4\/5&Prime;][vc_custom_heading text=\u00a0\u00bbVuoi avere maggiori informazioni?\u00a0\u00bb font_container=\u00a0\u00bbtag:h2|text_align:center|color:%23cbce2b\u00a0\u00bb use_theme_fonts=\u00a0\u00bbyes\u00a0\u00bb][\/vc_column_inner][vc_column_inner width=\u00a0\u00bb1\/5&Prime;][vc_btn title=\u00a0\u00bbCONTATTACI\u00a0\u00bb style=\u00a0\u00bboutline-custom\u00a0\u00bb outline_custom_color=\u00a0\u00bb#cbce2b\u00a0\u00bb outline_custom_hover_background=\u00a0\u00bb#cbce2b\u00a0\u00bb outline_custom_hover_text=\u00a0\u00bb#ffffff\u00a0\u00bb align=\u00a0\u00bbcenter\u00a0\u00bb link=\u00a0\u00bburl:https%3A%2F%2Fheliosarredourbano.com%2Ffr%2Fcontacts%2F|\u00a0\u00bb][\/vc_column_inner][\/vc_row_inner][vc_empty_space height=\u00a0\u00bb40px\u00a0\u00bb][\/vc_column][\/vc_row][vc_row full_width=\u00a0\u00bbstretch_row\u00a0\u00bb bg_type=\u00a0\u00bbbg_color\u00a0\u00bb bg_color_value=\u00a0\u00bb#1a649e\u00a0\u00bb el_class=\u00a0\u00bbtre-box-bianchi-footer nascondi-tre-box-bianchi-footer\u00a0\u00bb][vc_column width=\u00a0\u00bb1\/3&Prime; css=\u00a0\u00bb.vc_custom_1620914944642{border-top-width: 1px !important;border-right-width: 1px !important;border-bottom-width: 1px !important;border-left-width: 1px !important;background-color: #ffffff !important;border-left-color: #ffffff !important;border-left-style: solid !important;border-right-color: #ffffff !important;border-right-style: solid !important;border-top-color: #ffffff !important;border-top-style: solid !important;border-bottom-color: #ffffff !important;border-bottom-style: solid !important;border-radius: 10px !important;}\u00a0\u00bb][vc_icon icon_fontawesome=\u00a0\u00bbfas fa-hands-helping\u00a0\u00bb color=\u00a0\u00bbcustom\u00a0\u00bb size=\u00a0\u00bblg\u00a0\u00bb align=\u00a0\u00bbcenter\u00a0\u00bb custom_color=\u00a0\u00bb#1a649e\u00a0\u00bb][vc_custom_heading text=\u00a0\u00bb+39 0423 492107&Prime; font_container=\u00a0\u00bbtag:h3|text_align:center|color:%231a649e\u00a0\u00bb google_fonts=\u00a0\u00bbfont_family:Montserrat%3Aregular%2C700&Prime;][vc_column_text]<\/p>\n<p style=\"text-align: center;\"><span style=\"color: #1a649e;\">Supporto telefonico nella scelta<br \/>\ndei nostri prodotti e<br \/>\nrichieste preventivo<\/span><\/p>\n<p>[\/vc_column_text][vc_empty_space height=\u00a0\u00bb20px\u00a0\u00bb][\/vc_column][vc_column width=\u00a0\u00bb1\/3&Prime; css=\u00a0\u00bb.vc_custom_1620914955021{border-top-width: 1px !important;border-right-width: 1px !important;border-bottom-width: 1px !important;border-left-width: 1px !important;background-color: #ffffff !important;border-left-color: #ffffff !important;border-left-style: solid !important;border-right-color: #ffffff !important;border-right-style: solid !important;border-top-color: #ffffff !important;border-top-style: solid !important;border-bottom-color: #ffffff !important;border-bottom-style: solid !important;border-radius: 10px !important;}\u00a0\u00bb][vc_icon icon_fontawesome=\u00a0\u00bbfas fa-desktop\u00a0\u00bb color=\u00a0\u00bbcustom\u00a0\u00bb size=\u00a0\u00bblg\u00a0\u00bb align=\u00a0\u00bbcenter\u00a0\u00bb custom_color=\u00a0\u00bb#1a649e\u00a0\u00bb][vc_custom_heading text=\u00a0\u00bbMEPA\u00a0\u00bb font_container=\u00a0\u00bbtag:h3|text_align:center|color:%231a649e\u00a0\u00bb google_fonts=\u00a0\u00bbfont_family:Montserrat%3Aregular%2C700&Prime;][vc_column_text]<\/p>\n<p style=\"text-align: center;\"><span style=\"color: #1a649e;\">Siamo iscritti ai principali<br \/>\nMercati Elettronico<br \/>\ndella Pubblica Amministrazione<\/span><\/p>\n<p>[\/vc_column_text][vc_empty_space height=\u00a0\u00bb20px\u00a0\u00bb][\/vc_column][vc_column width=\u00a0\u00bb1\/3&Prime; css=\u00a0\u00bb.vc_custom_1620915081702{border-top-width: 1px !important;border-right-width: 1px !important;border-bottom-width: 1px !important;border-left-width: 1px !important;background-color: #ffffff !important;border-left-color: #ffffff !important;border-left-style: solid !important;border-right-color: #ffffff !important;border-right-style: solid !important;border-top-color: #ffffff !important;border-top-style: solid !important;border-bottom-color: #ffffff !important;border-bottom-style: solid !important;border-radius: 10px !important;}\u00a0\u00bb][vc_icon icon_fontawesome=\u00a0\u00bbfas fa-wrench\u00a0\u00bb color=\u00a0\u00bbcustom\u00a0\u00bb size=\u00a0\u00bblg\u00a0\u00bb align=\u00a0\u00bbcenter\u00a0\u00bb custom_color=\u00a0\u00bb#1a649e\u00a0\u00bb][vc_custom_heading text=\u00a0\u00bbSERVIZI<br \/>\nPOST VENDITA\u00a0\u00bb font_container=\u00a0\u00bbtag:h3|text_align:center|color:%231a649e\u00a0\u00bb google_fonts=\u00a0\u00bbfont_family:Montserrat%3Aregular%2C700&Prime;][vc_column_text]<\/p>\n<p style=\"text-align: center;\"><span style=\"color: #1a649e;\">Offriamo Servizi di<br \/>\ninstallazione<br \/>\ndei prodotti<\/span><\/p>\n<p>[\/vc_column_text][vc_empty_space height=\u00a0\u00bb20px\u00a0\u00bb][\/vc_column][\/vc_row][vc_row][vc_column][\/vc_column][\/vc_row]<\/p>\n<\/div>","protected":false},"excerpt":{"rendered":"<p>[vc_row][vc_column][vc_empty_space height=\u00a0\u00bb150px\u00a0\u00bb][\/vc_column][\/vc_row][vc_row][vc_column][vc_custom_heading text=\u00a0\u00bbFitness Calisthenics &#8211; Strutture per l\u2019esercizio fisico all\u2019aperto\u00a0\u00bb font_container=\u00a0\u00bbtag:h1|text_align:center|color:%23cbce2b\u00a0\u00bb use_theme_fonts=\u00a0\u00bbyes\u00a0\u00bb][vc_empty_space height=\u00a0\u00bb40px\u00a0\u00bb][vc_row_inner][vc_column_inner][rev_slider_vc alias=\u00a0\u00bbFitness-2023&Prime;][\/vc_column_inner][\/vc_row_inner][vc_empty_space height=\u00a0\u00bb40px\u00a0\u00bb][vc_column_text]Installations d&rsquo;exercice en plein air Nous vous pr\u00e9sentons diff\u00e9rents types d&rsquo;installations d&rsquo;exercice en plein air : Circuit super workout compos\u00e9 de\u00a0: 1 CALISTHENICS compos\u00e9 de 1 paire d&rsquo;anneaux, 1 espaliers verticaux, 2 poign\u00e9es pour Pull-ups, 2 barres horizontales, 1 \u00e9chelle horizontale [&hellip;]<\/p>\n","protected":false},"author":5,"featured_media":0,"parent":0,"menu_order":0,"comment_status":"closed","ping_status":"closed","template":"page.php","meta":{"footnotes":""},"class_list":["post-11023","page","type-page","status-publish","hentry"],"yoast_head":"<!-- This site is optimized with the Yoast SEO plugin v27.3 - https:\/\/yoast.com\/product\/yoast-seo-wordpress\/ -->\n<title>Fitness Calisthenics Super Workout - HELIOS Arredo Urbano Srl<\/title>\n<meta name=\"robots\" content=\"index, follow, max-snippet:-1, max-image-preview:large, max-video-preview:-1\" \/>\n<link rel=\"canonical\" href=\"https:\/\/heliosarredourbano.com\/fitness-calisthenics-super-workout\/\" \/>\n<meta property=\"og:locale\" content=\"fr_FR\" \/>\n<meta property=\"og:type\" content=\"article\" \/>\n<meta property=\"og:title\" content=\"Fitness Calisthenics Super Workout - HELIOS Arredo Urbano Srl\" \/>\n<meta property=\"og:description\" content=\"[vc_row][vc_column][vc_empty_space height=\u00a0\u00bb150px\u00a0\u00bb][\/vc_column][\/vc_row][vc_row][vc_column][vc_custom_heading text=\u00a0\u00bbFitness Calisthenics &#8211; Strutture per l\u2019esercizio fisico all\u2019aperto\u00a0\u00bb font_container=\u00a0\u00bbtag:h1|text_align:center|color:%23cbce2b\u00a0\u00bb use_theme_fonts=\u00a0\u00bbyes\u00a0\u00bb][vc_empty_space height=\u00a0\u00bb40px\u00a0\u00bb][vc_row_inner][vc_column_inner][rev_slider_vc alias=\u00a0\u00bbFitness-2023&Prime;][\/vc_column_inner][\/vc_row_inner][vc_empty_space height=\u00a0\u00bb40px\u00a0\u00bb][vc_column_text]Installations d&rsquo;exercice en plein air Nous vous pr\u00e9sentons diff\u00e9rents types d&rsquo;installations d&rsquo;exercice en plein air : Circuit super workout compos\u00e9 de\u00a0: 1 CALISTHENICS compos\u00e9 de 1 paire d&rsquo;anneaux, 1 espaliers verticaux, 2 poign\u00e9es pour Pull-ups, 2 barres horizontales, 1 \u00e9chelle horizontale [&hellip;]\" \/>\n<meta property=\"og:url\" content=\"https:\/\/heliosarredourbano.com\/fitness-calisthenics-super-workout\/\" \/>\n<meta property=\"og:site_name\" content=\"HELIOS Arredo Urbano Srl\" \/>\n<meta property=\"article:modified_time\" content=\"2023-06-06T12:26:26+00:00\" \/>\n<meta name=\"twitter:card\" content=\"summary_large_image\" \/>\n<meta name=\"twitter:label1\" content=\"Dur\u00e9e de lecture estim\u00e9e\" \/>\n\t<meta name=\"twitter:data1\" content=\"2 minutes\" \/>\n<script type=\"application\/ld+json\" class=\"yoast-schema-graph\">{\"@context\":\"https:\\\/\\\/schema.org\",\"@graph\":[{\"@type\":\"WebPage\",\"@id\":\"https:\\\/\\\/heliosarredourbano.com\\\/fitness-calisthenics-super-workout\\\/\",\"url\":\"https:\\\/\\\/heliosarredourbano.com\\\/fitness-calisthenics-super-workout\\\/\",\"name\":\"Fitness Calisthenics Super Workout - HELIOS Arredo Urbano Srl\",\"isPartOf\":{\"@id\":\"https:\\\/\\\/heliosarredourbano.com\\\/#website\"},\"datePublished\":\"2023-06-06T12:26:25+00:00\",\"dateModified\":\"2023-06-06T12:26:26+00:00\",\"breadcrumb\":{\"@id\":\"https:\\\/\\\/heliosarredourbano.com\\\/fitness-calisthenics-super-workout\\\/#breadcrumb\"},\"inLanguage\":\"fr-FR\",\"potentialAction\":[{\"@type\":\"ReadAction\",\"target\":[\"https:\\\/\\\/heliosarredourbano.com\\\/fitness-calisthenics-super-workout\\\/\"]}]},{\"@type\":\"BreadcrumbList\",\"@id\":\"https:\\\/\\\/heliosarredourbano.com\\\/fitness-calisthenics-super-workout\\\/#breadcrumb\",\"itemListElement\":[{\"@type\":\"ListItem\",\"position\":1,\"name\":\"Home\",\"item\":\"https:\\\/\\\/heliosarredourbano.com\\\/\"},{\"@type\":\"ListItem\",\"position\":2,\"name\":\"Fitness Calisthenics Super Workout\"}]},{\"@type\":\"WebSite\",\"@id\":\"https:\\\/\\\/heliosarredourbano.com\\\/#website\",\"url\":\"https:\\\/\\\/heliosarredourbano.com\\\/\",\"name\":\"HELIOS Arredo Urbano Srl\",\"description\":\"Arredo urbano: panchine, pensiline, transenne, fioriere\",\"potentialAction\":[{\"@type\":\"SearchAction\",\"target\":{\"@type\":\"EntryPoint\",\"urlTemplate\":\"https:\\\/\\\/heliosarredourbano.com\\\/?s={search_term_string}\"},\"query-input\":{\"@type\":\"PropertyValueSpecification\",\"valueRequired\":true,\"valueName\":\"search_term_string\"}}],\"inLanguage\":\"fr-FR\"}]}<\/script>\n<!-- \/ Yoast SEO plugin. -->","yoast_head_json":{"title":"Fitness Calisthenics Super Workout - HELIOS Arredo Urbano Srl","robots":{"index":"index","follow":"follow","max-snippet":"max-snippet:-1","max-image-preview":"max-image-preview:large","max-video-preview":"max-video-preview:-1"},"canonical":"https:\/\/heliosarredourbano.com\/fitness-calisthenics-super-workout\/","og_locale":"fr_FR","og_type":"article","og_title":"Fitness Calisthenics Super Workout - HELIOS Arredo Urbano Srl","og_description":"[vc_row][vc_column][vc_empty_space height=\u00a0\u00bb150px\u00a0\u00bb][\/vc_column][\/vc_row][vc_row][vc_column][vc_custom_heading text=\u00a0\u00bbFitness Calisthenics &#8211; Strutture per l\u2019esercizio fisico all\u2019aperto\u00a0\u00bb font_container=\u00a0\u00bbtag:h1|text_align:center|color:%23cbce2b\u00a0\u00bb use_theme_fonts=\u00a0\u00bbyes\u00a0\u00bb][vc_empty_space height=\u00a0\u00bb40px\u00a0\u00bb][vc_row_inner][vc_column_inner][rev_slider_vc alias=\u00a0\u00bbFitness-2023&Prime;][\/vc_column_inner][\/vc_row_inner][vc_empty_space height=\u00a0\u00bb40px\u00a0\u00bb][vc_column_text]Installations d&rsquo;exercice en plein air Nous vous pr\u00e9sentons diff\u00e9rents types d&rsquo;installations d&rsquo;exercice en plein air : Circuit super workout compos\u00e9 de\u00a0: 1 CALISTHENICS compos\u00e9 de 1 paire d&rsquo;anneaux, 1 espaliers verticaux, 2 poign\u00e9es pour Pull-ups, 2 barres horizontales, 1 \u00e9chelle horizontale [&hellip;]","og_url":"https:\/\/heliosarredourbano.com\/fitness-calisthenics-super-workout\/","og_site_name":"HELIOS Arredo Urbano Srl","article_modified_time":"2023-06-06T12:26:26+00:00","twitter_card":"summary_large_image","twitter_misc":{"Dur\u00e9e de lecture estim\u00e9e":"2 minutes"},"schema":{"@context":"https:\/\/schema.org","@graph":[{"@type":"WebPage","@id":"https:\/\/heliosarredourbano.com\/fitness-calisthenics-super-workout\/","url":"https:\/\/heliosarredourbano.com\/fitness-calisthenics-super-workout\/","name":"Fitness Calisthenics Super Workout - HELIOS Arredo Urbano Srl","isPartOf":{"@id":"https:\/\/heliosarredourbano.com\/#website"},"datePublished":"2023-06-06T12:26:25+00:00","dateModified":"2023-06-06T12:26:26+00:00","breadcrumb":{"@id":"https:\/\/heliosarredourbano.com\/fitness-calisthenics-super-workout\/#breadcrumb"},"inLanguage":"fr-FR","potentialAction":[{"@type":"ReadAction","target":["https:\/\/heliosarredourbano.com\/fitness-calisthenics-super-workout\/"]}]},{"@type":"BreadcrumbList","@id":"https:\/\/heliosarredourbano.com\/fitness-calisthenics-super-workout\/#breadcrumb","itemListElement":[{"@type":"ListItem","position":1,"name":"Home","item":"https:\/\/heliosarredourbano.com\/"},{"@type":"ListItem","position":2,"name":"Fitness Calisthenics Super Workout"}]},{"@type":"WebSite","@id":"https:\/\/heliosarredourbano.com\/#website","url":"https:\/\/heliosarredourbano.com\/","name":"HELIOS Arredo Urbano Srl","description":"Arredo urbano: panchine, pensiline, transenne, fioriere","potentialAction":[{"@type":"SearchAction","target":{"@type":"EntryPoint","urlTemplate":"https:\/\/heliosarredourbano.com\/?s={search_term_string}"},"query-input":{"@type":"PropertyValueSpecification","valueRequired":true,"valueName":"search_term_string"}}],"inLanguage":"fr-FR"}]}},"_links":{"self":[{"href":"https:\/\/heliosarredourbano.com\/fr\/wp-json\/wp\/v2\/pages\/11023","targetHints":{"allow":["GET"]}}],"collection":[{"href":"https:\/\/heliosarredourbano.com\/fr\/wp-json\/wp\/v2\/pages"}],"about":[{"href":"https:\/\/heliosarredourbano.com\/fr\/wp-json\/wp\/v2\/types\/page"}],"author":[{"embeddable":true,"href":"https:\/\/heliosarredourbano.com\/fr\/wp-json\/wp\/v2\/users\/5"}],"replies":[{"embeddable":true,"href":"https:\/\/heliosarredourbano.com\/fr\/wp-json\/wp\/v2\/comments?post=11023"}],"version-history":[{"count":3,"href":"https:\/\/heliosarredourbano.com\/fr\/wp-json\/wp\/v2\/pages\/11023\/revisions"}],"predecessor-version":[{"id":11031,"href":"https:\/\/heliosarredourbano.com\/fr\/wp-json\/wp\/v2\/pages\/11023\/revisions\/11031"}],"wp:attachment":[{"href":"https:\/\/heliosarredourbano.com\/fr\/wp-json\/wp\/v2\/media?parent=11023"}],"curies":[{"name":"wp","href":"https:\/\/api.w.org\/{rel}","templated":true}]}}